{"id":778,"date":"2021-07-09T21:17:25","date_gmt":"2021-07-09T21:17:25","guid":{"rendered":"https:\/\/desenvolve.ai\/?page_id=778"},"modified":"2022-04-25T13:15:48","modified_gmt":"2022-04-25T13:15:48","slug":"grupo-heineken","status":"publish","type":"page","link":"https:\/\/desenvolve.ai\/index.php\/grupo-heineken\/","title":{"rendered":"Grupo Heineken"},"content":{"rendered":"\t\t<div data-elementor-type=\"wp-page\" data-elementor-id=\"778\" class=\"elementor elementor-778\" data-elementor-post-type=\"page\">\n\t\t\t\t\t\t<section class=\"elementor-section elementor-top-section elementor-element elementor-element-5c903de elementor-section-boxed elementor-section-height-default elementor-section-height-default\" data-id=\"5c903de\" data-element_type=\"section\" data-settings=\"{&quot;background_background&quot;:&quot;classic&quot;,&quot;background_motion_fx_motion_fx_scrolling&quot;:&quot;yes&quot;,&quot;background_motion_fx_translateY_effect&quot;:&quot;yes&quot;,&quot;background_motion_fx_translateY_speed&quot;:{&quot;unit&quot;:&quot;px&quot;,&quot;size&quot;:7.1,&quot;sizes&quot;:[]},&quot;background_motion_fx_translateY_affectedRange&quot;:{&quot;unit&quot;:&quot;%&quot;,&quot;size&quot;:&quot;&quot;,&quot;sizes&quot;:{&quot;start&quot;:0,&quot;end&quot;:100}},&quot;background_motion_fx_devices&quot;:[&quot;desktop&quot;,&quot;tablet&quot;,&quot;mobile&quot;]}\">\n\t\t\t\t\t\t\t<div class=\"elementor-background-overlay\"><\/div>\n\t\t\t\t\t\t\t<div class=\"elementor-container elementor-column-gap-default\">\n\t\t\t\t\t<div class=\"elementor-column elementor-col-100 elementor-top-column elementor-element elementor-element-0f07d87\" data-id=\"0f07d87\" data-element_type=\"column\">\n\t\t\t<div class=\"elementor-widget-wrap elementor-element-populated\">\n\t\t\t\t\t\t<div class=\"elementor-element elementor-element-6543947 elementor-widget elementor-widget-text-editor\" data-id=\"6543947\" data-element_type=\"widget\" data-widget_type=\"text-editor.default\">\n\t\t\t\t<div class=\"elementor-widget-container\">\n\t\t\t\t\t\t\t\t\t<h3 dir=\"ltr\">CONHE\u00c7A AS SOLU\u00c7\u00d5ES VENCEDORAS DO DESAFIO!<\/h3>\t\t\t\t\t\t\t\t<\/div>\n\t\t\t\t<\/div>\n\t\t\t\t\t<\/div>\n\t\t<\/div>\n\t\t\t\t\t<\/div>\n\t\t<\/section>\n\t\t\t\t<section class=\"elementor-section elementor-top-section elementor-element elementor-element-c6c69ce elementor-section-content-middle elementor-section-boxed elementor-section-height-default elementor-section-height-default\" data-id=\"c6c69ce\" data-element_type=\"section\">\n\t\t\t\t\t\t<div class=\"elementor-container elementor-column-gap-default\">\n\t\t\t\t\t<div class=\"elementor-column elementor-col-50 elementor-top-column elementor-element elementor-element-ce6fd9b\" data-id=\"ce6fd9b\" data-element_type=\"column\">\n\t\t\t<div class=\"elementor-widget-wrap elementor-element-populated\">\n\t\t\t\t\t\t<div class=\"elementor-element elementor-element-269daa5 elementor-widget elementor-widget-text-editor\" data-id=\"269daa5\" data-element_type=\"widget\" data-widget_type=\"text-editor.default\">\n\t\t\t\t<div class=\"elementor-widget-container\">\n\t\t\t\t\t\t\t\t\t<p>GRUPO HEINEKEN<\/p>\t\t\t\t\t\t\t\t<\/div>\n\t\t\t\t<\/div>\n\t\t\t\t<div class=\"elementor-element elementor-element-1a824fe elementor-widget elementor-widget-image\" data-id=\"1a824fe\" data-element_type=\"widget\" data-widget_type=\"image.default\">\n\t\t\t\t<div class=\"elementor-widget-container\">\n\t\t\t\t\t\t\t\t\t\t\t\t\t\t\t<img decoding=\"async\" width=\"450\" height=\"100\" src=\"https:\/\/desenvolve.ai\/wp-content\/uploads\/2021\/07\/Grupo-heineken.png\" class=\"attachment-medium_large size-medium_large wp-image-890\" alt=\"\" srcset=\"https:\/\/desenvolve.ai\/wp-content\/uploads\/2021\/07\/Grupo-heineken.png 450w, https:\/\/desenvolve.ai\/wp-content\/uploads\/2021\/07\/Grupo-heineken-300x67.png 300w\" sizes=\"(max-width: 34.9rem) calc(100vw - 2rem), (max-width: 53rem) calc(8 * (100vw \/ 12)), (min-width: 53rem) calc(6 * (100vw \/ 12)), 100vw\" \/>\t\t\t\t\t\t\t\t\t\t\t\t\t\t\t<\/div>\n\t\t\t\t<\/div>\n\t\t\t\t\t<\/div>\n\t\t<\/div>\n\t\t\t\t<div class=\"elementor-column elementor-col-50 elementor-top-column elementor-element elementor-element-a9c77d2\" data-id=\"a9c77d2\" data-element_type=\"column\">\n\t\t\t<div class=\"elementor-widget-wrap elementor-element-populated\">\n\t\t\t\t\t\t<div class=\"elementor-element elementor-element-42c25be elementor-widget elementor-widget-text-editor\" data-id=\"42c25be\" data-element_type=\"widget\" data-widget_type=\"text-editor.default\">\n\t\t\t\t<div class=\"elementor-widget-container\">\n\t\t\t\t\t\t\t\t\t<p>Com a finaliza\u00e7\u00e3o do processo de sele\u00e7\u00e3o para o Ciclo do Grupo HEINEKEN, as institui\u00e7\u00f5es selecionadas entrar\u00e3o no processo de negocia\u00e7\u00e3o para contrata\u00e7\u00e3o.<\/p>\t\t\t\t\t\t\t\t<\/div>\n\t\t\t\t<\/div>\n\t\t\t\t\t<\/div>\n\t\t<\/div>\n\t\t\t\t\t<\/div>\n\t\t<\/section>\n\t\t\t\t<section class=\"elementor-section elementor-top-section elementor-element elementor-element-0243bc3 elementor-section-boxed elementor-section-height-default elementor-section-height-default\" data-id=\"0243bc3\" data-element_type=\"section\" data-settings=\"{&quot;background_background&quot;:&quot;classic&quot;}\">\n\t\t\t\t\t\t<div class=\"elementor-container elementor-column-gap-default\">\n\t\t\t\t\t<div class=\"elementor-column elementor-col-100 elementor-top-column elementor-element elementor-element-a1d80be\" data-id=\"a1d80be\" data-element_type=\"column\">\n\t\t\t<div class=\"elementor-widget-wrap elementor-element-populated\">\n\t\t\t\t\t\t<div class=\"elementor-element elementor-element-13e5ad6 elementor-widget elementor-widget-text-editor\" data-id=\"13e5ad6\" data-element_type=\"widget\" data-widget_type=\"text-editor.default\">\n\t\t\t\t<div class=\"elementor-widget-container\">\n\t\t\t\t\t\t\t\t\t<p dir=\"ltr\">PROJETOS A SEREM CONTRATADOS<\/p>\t\t\t\t\t\t\t\t<\/div>\n\t\t\t\t<\/div>\n\t\t\t\t\t<\/div>\n\t\t<\/div>\n\t\t\t\t\t<\/div>\n\t\t<\/section>\n\t\t\t\t<section class=\"elementor-section elementor-top-section elementor-element elementor-element-e4e7acd elementor-section-boxed elementor-section-height-default elementor-section-height-default\" data-id=\"e4e7acd\" data-element_type=\"section\" data-settings=\"{&quot;background_background&quot;:&quot;classic&quot;}\">\n\t\t\t\t\t\t<div class=\"elementor-container elementor-column-gap-default\">\n\t\t\t\t\t<div class=\"elementor-column elementor-col-100 elementor-top-column elementor-element elementor-element-aab451a\" data-id=\"aab451a\" data-element_type=\"column\" data-settings=\"{&quot;background_background&quot;:&quot;classic&quot;}\">\n\t\t\t<div class=\"elementor-widget-wrap elementor-element-populated\">\n\t\t\t\t\t\t<div class=\"elementor-element elementor-element-fc3acb6 elementor-widget elementor-widget-image\" data-id=\"fc3acb6\" data-element_type=\"widget\" data-widget_type=\"image.default\">\n\t\t\t\t<div class=\"elementor-widget-container\">\n\t\t\t\t\t\t\t\t\t\t\t\t\t\t\t<img fetchpriority=\"high\" decoding=\"async\" width=\"361\" height=\"194\" src=\"https:\/\/desenvolve.ai\/wp-content\/uploads\/2021\/11\/logos.png\" class=\"attachment-large size-large wp-image-1547\" alt=\"\" srcset=\"https:\/\/desenvolve.ai\/wp-content\/uploads\/2021\/11\/logos.png 361w, https:\/\/desenvolve.ai\/wp-content\/uploads\/2021\/11\/logos-300x161.png 300w\" sizes=\"(max-width: 34.9rem) calc(100vw - 2rem), (max-width: 53rem) calc(8 * (100vw \/ 12)), (min-width: 53rem) calc(6 * (100vw \/ 12)), 100vw\" \/>\t\t\t\t\t\t\t\t\t\t\t\t\t\t\t<\/div>\n\t\t\t\t<\/div>\n\t\t\t\t<div class=\"elementor-element elementor-element-002788a elementor-widget elementor-widget-text-editor\" data-id=\"002788a\" data-element_type=\"widget\" data-widget_type=\"text-editor.default\">\n\t\t\t\t<div class=\"elementor-widget-container\">\n\t\t\t\t\t\t\t\t\t<h2 dir=\"ltr\">OmniLogSafe<\/h2>\t\t\t\t\t\t\t\t<\/div>\n\t\t\t\t<\/div>\n\t\t\t\t<div class=\"elementor-element elementor-element-7690951 elementor-widget elementor-widget-text-editor\" data-id=\"7690951\" data-element_type=\"widget\" data-widget_type=\"text-editor.default\">\n\t\t\t\t<div class=\"elementor-widget-container\">\n\t\t\t\t\t\t\t\t\t<p dir=\"ltr\">Plataforma de software em Cloud Computing para orquestra\u00e7\u00e3o de dados e APIs, utilizando Data Science e algoritmo preditivo de Machine Learning na identifica\u00e7\u00e3o autom\u00e1tica e gera\u00e7\u00e3o de alertas de inefici\u00eancias operacionais log\u00edsticas com perdas financeiras e ind\u00edcios de fraude.<\/p>\t\t\t\t\t\t\t\t<\/div>\n\t\t\t\t<\/div>\n\t\t\t\t\t<\/div>\n\t\t<\/div>\n\t\t\t\t<div class=\"elementor-column elementor-col-100 elementor-top-column elementor-element elementor-element-e5f5c76\" data-id=\"e5f5c76\" data-element_type=\"column\" data-settings=\"{&quot;background_background&quot;:&quot;classic&quot;}\">\n\t\t\t<div class=\"elementor-widget-wrap elementor-element-populated\">\n\t\t\t\t\t\t<div class=\"elementor-element elementor-element-42fb7a6 elementor-widget elementor-widget-image\" data-id=\"42fb7a6\" data-element_type=\"widget\" data-widget_type=\"image.default\">\n\t\t\t\t<div class=\"elementor-widget-container\">\n\t\t\t\t\t\t\t\t\t\t\t\t\t\t\t<img fetchpriority=\"high\" decoding=\"async\" width=\"361\" height=\"194\" src=\"https:\/\/desenvolve.ai\/wp-content\/uploads\/2021\/11\/logos.png\" class=\"attachment-large size-large wp-image-1547\" alt=\"\" srcset=\"https:\/\/desenvolve.ai\/wp-content\/uploads\/2021\/11\/logos.png 361w, https:\/\/desenvolve.ai\/wp-content\/uploads\/2021\/11\/logos-300x161.png 300w\" sizes=\"(max-width: 34.9rem) calc(100vw - 2rem), (max-width: 53rem) calc(8 * (100vw \/ 12)), (min-width: 53rem) calc(6 * (100vw \/ 12)), 100vw\" \/>\t\t\t\t\t\t\t\t\t\t\t\t\t\t\t<\/div>\n\t\t\t\t<\/div>\n\t\t\t\t<div class=\"elementor-element elementor-element-841ae84 elementor-widget elementor-widget-text-editor\" data-id=\"841ae84\" data-element_type=\"widget\" data-widget_type=\"text-editor.default\">\n\t\t\t\t<div class=\"elementor-widget-container\">\n\t\t\t\t\t\t\t\t\t<h2 dir=\"ltr\">Forecast Management System<\/h2>\t\t\t\t\t\t\t\t<\/div>\n\t\t\t\t<\/div>\n\t\t\t\t<div class=\"elementor-element elementor-element-33b2e1e elementor-widget elementor-widget-text-editor\" data-id=\"33b2e1e\" data-element_type=\"widget\" data-widget_type=\"text-editor.default\">\n\t\t\t\t<div class=\"elementor-widget-container\">\n\t\t\t\t\t\t\t\t\t<p dir=\"ltr\">O Projeto consiste na gera\u00e7\u00e3o de outputs de volume do ciclo de Vendas &amp; Planejamento Operacional (S&amp;OP), proje\u00e7\u00f5es de volumes de produ\u00e7\u00e3o e vendas, al\u00e9m da gera\u00e7\u00e3o de insights e Forecast Financeiro, atrav\u00e9s de Machine Learning, contribuindo assim para mitigar toda a a\u00e7\u00e3o manual sist\u00eamica da HNK nesse<br \/>processo.<\/p>\t\t\t\t\t\t\t\t<\/div>\n\t\t\t\t<\/div>\n\t\t\t\t\t<\/div>\n\t\t<\/div>\n\t\t\t\t\t<\/div>\n\t\t<\/section>\n\t\t\t\t<section class=\"elementor-section elementor-top-section elementor-element elementor-element-dc4dd01 elementor-section-boxed elementor-section-height-default elementor-section-height-default\" data-id=\"dc4dd01\" data-element_type=\"section\" data-settings=\"{&quot;background_background&quot;:&quot;classic&quot;}\">\n\t\t\t\t\t\t<div class=\"elementor-container elementor-column-gap-default\">\n\t\t\t\t\t<div class=\"elementor-column elementor-col-50 elementor-top-column elementor-element elementor-element-06bd0dc\" data-id=\"06bd0dc\" data-element_type=\"column\">\n\t\t\t<div class=\"elementor-widget-wrap elementor-element-populated\">\n\t\t\t\t\t\t<div class=\"elementor-element elementor-element-a8c6549 elementor-widget elementor-widget-text-editor\" data-id=\"a8c6549\" data-element_type=\"widget\" data-widget_type=\"text-editor.default\">\n\t\t\t\t<div class=\"elementor-widget-container\">\n\t\t\t\t\t\t\t\t\t<p>DETALHES DO CICLO DO GRUPO HEINEKEN<\/p>\t\t\t\t\t\t\t\t<\/div>\n\t\t\t\t<\/div>\n\t\t\t\t<section class=\"elementor-section elementor-inner-section elementor-element elementor-element-3933f52 elementor-section-boxed elementor-section-height-default elementor-section-height-default\" data-id=\"3933f52\" data-element_type=\"section\">\n\t\t\t\t\t\t<div class=\"elementor-container elementor-column-gap-default\">\n\t\t\t\t\t<div class=\"elementor-column elementor-col-100 elementor-inner-column elementor-element elementor-element-903b580\" data-id=\"903b580\" data-element_type=\"column\">\n\t\t\t<div class=\"elementor-widget-wrap elementor-element-populated\">\n\t\t\t\t\t\t<div class=\"elementor-element elementor-element-538a3bf elementor-widget elementor-widget-button\" data-id=\"538a3bf\" data-element_type=\"widget\" data-widget_type=\"button.default\">\n\t\t\t\t<div class=\"elementor-widget-container\">\n\t\t\t\t\t\t\t\t\t<div class=\"elementor-button-wrapper\">\n\t\t\t\t\t<a class=\"elementor-button elementor-size-lg\" role=\"button\">\n\t\t\t\t\t\t<span class=\"elementor-button-content-wrapper\">\n\t\t\t\t\t\t\t\t\t<span class=\"elementor-button-text\">R$ 600.000,00<\/span>\n\t\t\t\t\t<\/span>\n\t\t\t\t\t<\/a>\n\t\t\t\t<\/div>\n\t\t\t\t\t\t\t\t<\/div>\n\t\t\t\t<\/div>\n\t\t\t\t<div class=\"elementor-element elementor-element-a0e678c elementor-widget elementor-widget-text-editor\" data-id=\"a0e678c\" data-element_type=\"widget\" data-widget_type=\"text-editor.default\">\n\t\t\t\t<div class=\"elementor-widget-container\">\n\t\t\t\t\t\t\t\t\t<ul><li>A ser aportado conforme regulamento<\/li><li>Propriedade Intelectual (PI) antes do projeto, continua com o propriet\u00e1rio original<\/li><li>PI de produto desenvolvido \u00e9 da ICT\/Empresa Inovadora<\/li><li>Acordos alternativos podem ser negociados<\/li><\/ul>\t\t\t\t\t\t\t\t<\/div>\n\t\t\t\t<\/div>\n\t\t\t\t\t<\/div>\n\t\t<\/div>\n\t\t\t\t\t<\/div>\n\t\t<\/section>\n\t\t\t\t\t<\/div>\n\t\t<\/div>\n\t\t\t\t<div class=\"elementor-column elementor-col-50 elementor-top-column elementor-element elementor-element-9b340a7\" data-id=\"9b340a7\" data-element_type=\"column\">\n\t\t\t<div class=\"elementor-widget-wrap elementor-element-populated\">\n\t\t\t\t\t\t<div class=\"elementor-element elementor-element-d2cc96e elementor-align-center elementor-widget elementor-widget-button\" data-id=\"d2cc96e\" data-element_type=\"widget\" data-widget_type=\"button.default\">\n\t\t\t\t<div class=\"elementor-widget-container\">\n\t\t\t\t\t\t\t\t\t<div class=\"elementor-button-wrapper\">\n\t\t\t\t\t<a class=\"elementor-button elementor-button-link elementor-size-xl\" href=\"https:\/\/drive.google.com\/file\/d\/1MI1P0bFQ3oRIqVhoWswYlXJeAKIcrZiN\/view?usp=sharing\">\n\t\t\t\t\t\t<span class=\"elementor-button-content-wrapper\">\n\t\t\t\t\t\t\t\t\t<span class=\"elementor-button-text\">BRIEFING DA CHAMADA<\/span>\n\t\t\t\t\t<\/span>\n\t\t\t\t\t<\/a>\n\t\t\t\t<\/div>\n\t\t\t\t\t\t\t\t<\/div>\n\t\t\t\t<\/div>\n\t\t\t\t\t<\/div>\n\t\t<\/div>\n\t\t\t\t\t<\/div>\n\t\t<\/section>\n\t\t\t\t<section class=\"elementor-section elementor-top-section elementor-element elementor-element-05a8b78 elementor-section-boxed elementor-section-height-default elementor-section-height-default\" data-id=\"05a8b78\" data-element_type=\"section\">\n\t\t\t\t\t\t<div class=\"elementor-container elementor-column-gap-default\">\n\t\t\t\t\t\t<\/div>\n\t\t<\/section>\n\t\t\t\t<\/div>\n\t\t","protected":false},"excerpt":{"rendered":"<p>CONHE\u00c7A AS SOLU\u00c7\u00d5ES VENCEDORAS DO DESAFIO! GRUPO HEINEKEN Com a finaliza\u00e7\u00e3o do processo de sele\u00e7\u00e3o para o Ciclo do Grupo HEINEKEN, as institui\u00e7\u00f5es selecionadas entrar\u00e3o no processo de negocia\u00e7\u00e3o para contrata\u00e7\u00e3o. PROJETOS A SEREM CONTRATADOS OmniLogSafe Plataforma de software em Cloud Computing para orquestra\u00e7\u00e3o de dados e APIs, utilizando Data Science e algoritmo preditivo de &hellip; <\/p>\n<p class=\"link-more\"><a href=\"https:\/\/desenvolve.ai\/index.php\/grupo-heineken\/\" class=\"more-link\">Continue lendo<span class=\"screen-reader-text\"> &#8220;Grupo Heineken&#8221;<\/span><\/a><\/p>\n","protected":false},"author":1,"featured_media":0,"parent":0,"menu_order":0,"comment_status":"closed","ping_status":"closed","template":"elementor_header_footer","meta":{"footnotes":""},"class_list":["post-778","page","type-page","status-publish","hentry","entry"],"_links":{"self":[{"href":"https:\/\/desenvolve.ai\/index.php\/wp-json\/wp\/v2\/pages\/778","targetHints":{"allow":["GET"]}}],"collection":[{"href":"https:\/\/desenvolve.ai\/index.php\/wp-json\/wp\/v2\/pages"}],"about":[{"href":"https:\/\/desenvolve.ai\/index.php\/wp-json\/wp\/v2\/types\/page"}],"author":[{"embeddable":true,"href":"https:\/\/desenvolve.ai\/index.php\/wp-json\/wp\/v2\/users\/1"}],"replies":[{"embeddable":true,"href":"https:\/\/desenvolve.ai\/index.php\/wp-json\/wp\/v2\/comments?post=778"}],"version-history":[{"count":92,"href":"https:\/\/desenvolve.ai\/index.php\/wp-json\/wp\/v2\/pages\/778\/revisions"}],"predecessor-version":[{"id":2091,"href":"https:\/\/desenvolve.ai\/index.php\/wp-json\/wp\/v2\/pages\/778\/revisions\/2091"}],"wp:attachment":[{"href":"https:\/\/desenvolve.ai\/index.php\/wp-json\/wp\/v2\/media?parent=778"}],"curies":[{"name":"wp","href":"https:\/\/api.w.org\/{rel}","templated":true}]}}