{"id":703,"date":"2021-07-09T16:33:52","date_gmt":"2021-07-09T16:33:52","guid":{"rendered":"https:\/\/desenvolve.ai\/?page_id=703"},"modified":"2022-04-25T14:00:31","modified_gmt":"2022-04-25T14:00:31","slug":"cristalpet","status":"publish","type":"page","link":"https:\/\/desenvolve.ai\/index.php\/cristalpet\/","title":{"rendered":"Cristalpet"},"content":{"rendered":"\t\t<div data-elementor-type=\"wp-page\" data-elementor-id=\"703\" class=\"elementor elementor-703\" data-elementor-post-type=\"page\">\n\t\t\t\t\t\t<section class=\"elementor-section elementor-top-section elementor-element elementor-element-dec1038 elementor-section-boxed elementor-section-height-default elementor-section-height-default\" data-id=\"dec1038\" data-element_type=\"section\" data-settings=\"{&quot;background_background&quot;:&quot;classic&quot;,&quot;background_motion_fx_motion_fx_scrolling&quot;:&quot;yes&quot;,&quot;background_motion_fx_translateY_effect&quot;:&quot;yes&quot;,&quot;background_motion_fx_translateY_speed&quot;:{&quot;unit&quot;:&quot;px&quot;,&quot;size&quot;:7.1,&quot;sizes&quot;:[]},&quot;background_motion_fx_translateY_affectedRange&quot;:{&quot;unit&quot;:&quot;%&quot;,&quot;size&quot;:&quot;&quot;,&quot;sizes&quot;:{&quot;start&quot;:0,&quot;end&quot;:100}},&quot;background_motion_fx_devices&quot;:[&quot;desktop&quot;,&quot;tablet&quot;,&quot;mobile&quot;]}\">\n\t\t\t\t\t\t\t<div class=\"elementor-background-overlay\"><\/div>\n\t\t\t\t\t\t\t<div class=\"elementor-container elementor-column-gap-default\">\n\t\t\t\t\t<div class=\"elementor-column elementor-col-100 elementor-top-column elementor-element elementor-element-3374902\" data-id=\"3374902\" data-element_type=\"column\">\n\t\t\t<div class=\"elementor-widget-wrap elementor-element-populated\">\n\t\t\t\t\t\t<div class=\"elementor-element elementor-element-2017359 elementor-widget elementor-widget-text-editor\" data-id=\"2017359\" data-element_type=\"widget\" data-widget_type=\"text-editor.default\">\n\t\t\t\t<div class=\"elementor-widget-container\">\n\t\t\t\t\t\t\t\t\t<h2 dir=\"ltr\">CONHE\u00c7A AS SOLU\u00c7\u00d5ES VENCEDORAS DO DESAFIO!<\/h2>\t\t\t\t\t\t\t\t<\/div>\n\t\t\t\t<\/div>\n\t\t\t\t\t<\/div>\n\t\t<\/div>\n\t\t\t\t\t<\/div>\n\t\t<\/section>\n\t\t\t\t<section class=\"elementor-section elementor-top-section elementor-element elementor-element-c15a5d6 elementor-section-content-middle elementor-section-boxed elementor-section-height-default elementor-section-height-default\" data-id=\"c15a5d6\" data-element_type=\"section\">\n\t\t\t\t\t\t<div class=\"elementor-container elementor-column-gap-default\">\n\t\t\t\t\t<div class=\"elementor-column elementor-col-50 elementor-top-column elementor-element elementor-element-c9e5e6b\" data-id=\"c9e5e6b\" data-element_type=\"column\">\n\t\t\t<div class=\"elementor-widget-wrap elementor-element-populated\">\n\t\t\t\t\t\t<div class=\"elementor-element elementor-element-a5d3cf5 elementor-widget elementor-widget-image\" data-id=\"a5d3cf5\" data-element_type=\"widget\" data-widget_type=\"image.default\">\n\t\t\t\t<div class=\"elementor-widget-container\">\n\t\t\t\t\t\t\t\t\t\t\t\t\t\t\t<img decoding=\"async\" width=\"361\" height=\"88\" src=\"https:\/\/desenvolve.ai\/wp-content\/uploads\/2021\/07\/image-11-1.png\" class=\"attachment-large size-large wp-image-710\" alt=\"\" srcset=\"https:\/\/desenvolve.ai\/wp-content\/uploads\/2021\/07\/image-11-1.png 361w, https:\/\/desenvolve.ai\/wp-content\/uploads\/2021\/07\/image-11-1-300x73.png 300w\" sizes=\"(max-width: 34.9rem) calc(100vw - 2rem), (max-width: 53rem) calc(8 * (100vw \/ 12)), (min-width: 53rem) calc(6 * (100vw \/ 12)), 100vw\" \/>\t\t\t\t\t\t\t\t\t\t\t\t\t\t\t<\/div>\n\t\t\t\t<\/div>\n\t\t\t\t\t<\/div>\n\t\t<\/div>\n\t\t\t\t<div class=\"elementor-column elementor-col-50 elementor-top-column elementor-element elementor-element-d884a36\" data-id=\"d884a36\" data-element_type=\"column\">\n\t\t\t<div class=\"elementor-widget-wrap elementor-element-populated\">\n\t\t\t\t\t\t<div class=\"elementor-element elementor-element-f520211 elementor-widget elementor-widget-text-editor\" data-id=\"f520211\" data-element_type=\"widget\" data-widget_type=\"text-editor.default\">\n\t\t\t\t<div class=\"elementor-widget-container\">\n\t\t\t\t\t\t\t\t\t<p dir=\"ltr\">Com a finaliza\u00e7\u00e3o do processo de sele\u00e7\u00e3o para o Ciclo da CristalPet, as institui\u00e7\u00f5es selecionadas entrar\u00e3o no processo de negocia\u00e7\u00e3o para contrata\u00e7\u00e3o.<\/p>\t\t\t\t\t\t\t\t<\/div>\n\t\t\t\t<\/div>\n\t\t\t\t\t<\/div>\n\t\t<\/div>\n\t\t\t\t\t<\/div>\n\t\t<\/section>\n\t\t\t\t<section class=\"elementor-section elementor-top-section elementor-element elementor-element-563e990 elementor-section-boxed elementor-section-height-default elementor-section-height-default\" data-id=\"563e990\" data-element_type=\"section\" data-settings=\"{&quot;background_background&quot;:&quot;classic&quot;}\">\n\t\t\t\t\t\t<div class=\"elementor-container elementor-column-gap-default\">\n\t\t\t\t\t<div class=\"elementor-column elementor-col-100 elementor-top-column elementor-element elementor-element-3776de8\" data-id=\"3776de8\" data-element_type=\"column\">\n\t\t\t<div class=\"elementor-widget-wrap elementor-element-populated\">\n\t\t\t\t\t\t<div class=\"elementor-element elementor-element-b25bc9a elementor-widget elementor-widget-text-editor\" data-id=\"b25bc9a\" data-element_type=\"widget\" data-widget_type=\"text-editor.default\">\n\t\t\t\t<div class=\"elementor-widget-container\">\n\t\t\t\t\t\t\t\t\t<p dir=\"ltr\">PROJETOS A SEREM CONTRATADOS<\/p>\t\t\t\t\t\t\t\t<\/div>\n\t\t\t\t<\/div>\n\t\t\t\t\t<\/div>\n\t\t<\/div>\n\t\t\t\t\t<\/div>\n\t\t<\/section>\n\t\t\t\t<section class=\"elementor-section elementor-top-section elementor-element elementor-element-b7b70c3 elementor-section-boxed elementor-section-height-default elementor-section-height-default\" data-id=\"b7b70c3\" data-element_type=\"section\" data-settings=\"{&quot;background_background&quot;:&quot;classic&quot;}\">\n\t\t\t\t\t\t<div class=\"elementor-container elementor-column-gap-default\">\n\t\t\t\t\t<div class=\"elementor-column elementor-col-50 elementor-top-column elementor-element elementor-element-bf16e23\" data-id=\"bf16e23\" data-element_type=\"column\" data-settings=\"{&quot;background_background&quot;:&quot;classic&quot;}\">\n\t\t\t<div class=\"elementor-widget-wrap elementor-element-populated\">\n\t\t\t\t\t\t<div class=\"elementor-element elementor-element-53e7ecb elementor-widget elementor-widget-image\" data-id=\"53e7ecb\" data-element_type=\"widget\" data-widget_type=\"image.default\">\n\t\t\t\t<div class=\"elementor-widget-container\">\n\t\t\t\t\t\t\t\t\t\t\t\t\t\t\t<img fetchpriority=\"high\" decoding=\"async\" width=\"640\" height=\"139\" src=\"https:\/\/desenvolve.ai\/wp-content\/uploads\/2021\/07\/ISI-PE-TecnologiaDaInformacao-600DPI-1024x223.png\" class=\"attachment-large size-large wp-image-795\" alt=\"\" srcset=\"https:\/\/desenvolve.ai\/wp-content\/uploads\/2021\/07\/ISI-PE-TecnologiaDaInformacao-600DPI-1024x223.png 1024w, https:\/\/desenvolve.ai\/wp-content\/uploads\/2021\/07\/ISI-PE-TecnologiaDaInformacao-600DPI-300x65.png 300w, https:\/\/desenvolve.ai\/wp-content\/uploads\/2021\/07\/ISI-PE-TecnologiaDaInformacao-600DPI-768x167.png 768w, https:\/\/desenvolve.ai\/wp-content\/uploads\/2021\/07\/ISI-PE-TecnologiaDaInformacao-600DPI-1536x335.png 1536w, https:\/\/desenvolve.ai\/wp-content\/uploads\/2021\/07\/ISI-PE-TecnologiaDaInformacao-600DPI-2048x446.png 2048w, https:\/\/desenvolve.ai\/wp-content\/uploads\/2021\/07\/ISI-PE-TecnologiaDaInformacao-600DPI-1568x342.png 1568w\" sizes=\"(max-width: 34.9rem) calc(100vw - 2rem), (max-width: 53rem) calc(8 * (100vw \/ 12)), (min-width: 53rem) calc(6 * (100vw \/ 12)), 100vw\" \/>\t\t\t\t\t\t\t\t\t\t\t\t\t\t\t<\/div>\n\t\t\t\t<\/div>\n\t\t\t\t<div class=\"elementor-element elementor-element-4cd7dd4 elementor-widget elementor-widget-text-editor\" data-id=\"4cd7dd4\" data-element_type=\"widget\" data-widget_type=\"text-editor.default\">\n\t\t\t\t<div class=\"elementor-widget-container\">\n\t\t\t\t\t\t\t\t\t<h2 dir=\"ltr\">Implanta\u00e7\u00e3o e amplia\u00e7\u00e3o da plataforma MInA para suporte a rastreabilidade de lotes de pr\u00e9-forma PET<\/h2><p dir=\"ltr\">O MInA permite que a empresa realize a gest\u00e3o eficiente da produ\u00e7\u00e3o, provendo indicadores precisos para tomada de decis\u00e3o. A solu\u00e7\u00e3o proposta ir\u00e1 incrementar a plataforma, adicionando um m\u00f3dulo de rastreabilidade dos lotes de pr\u00e9-forma PET<\/p>\t\t\t\t\t\t\t\t<\/div>\n\t\t\t\t<\/div>\n\t\t\t\t\t<\/div>\n\t\t<\/div>\n\t\t\t\t<div class=\"elementor-column elementor-col-50 elementor-top-column elementor-element elementor-element-fc0f39c\" data-id=\"fc0f39c\" data-element_type=\"column\" data-settings=\"{&quot;background_background&quot;:&quot;classic&quot;}\">\n\t\t\t<div class=\"elementor-widget-wrap elementor-element-populated\">\n\t\t\t\t\t\t<div class=\"elementor-element elementor-element-e2004ca elementor-widget elementor-widget-image\" data-id=\"e2004ca\" data-element_type=\"widget\" data-widget_type=\"image.default\">\n\t\t\t\t<div class=\"elementor-widget-container\">\n\t\t\t\t\t\t\t\t\t\t\t\t\t\t\t<img fetchpriority=\"high\" decoding=\"async\" width=\"640\" height=\"139\" src=\"https:\/\/desenvolve.ai\/wp-content\/uploads\/2021\/07\/ISI-PE-TecnologiaDaInformacao-600DPI-1024x223.png\" class=\"attachment-large size-large wp-image-795\" alt=\"\" srcset=\"https:\/\/desenvolve.ai\/wp-content\/uploads\/2021\/07\/ISI-PE-TecnologiaDaInformacao-600DPI-1024x223.png 1024w, https:\/\/desenvolve.ai\/wp-content\/uploads\/2021\/07\/ISI-PE-TecnologiaDaInformacao-600DPI-300x65.png 300w, https:\/\/desenvolve.ai\/wp-content\/uploads\/2021\/07\/ISI-PE-TecnologiaDaInformacao-600DPI-768x167.png 768w, https:\/\/desenvolve.ai\/wp-content\/uploads\/2021\/07\/ISI-PE-TecnologiaDaInformacao-600DPI-1536x335.png 1536w, https:\/\/desenvolve.ai\/wp-content\/uploads\/2021\/07\/ISI-PE-TecnologiaDaInformacao-600DPI-2048x446.png 2048w, https:\/\/desenvolve.ai\/wp-content\/uploads\/2021\/07\/ISI-PE-TecnologiaDaInformacao-600DPI-1568x342.png 1568w\" sizes=\"(max-width: 34.9rem) calc(100vw - 2rem), (max-width: 53rem) calc(8 * (100vw \/ 12)), (min-width: 53rem) calc(6 * (100vw \/ 12)), 100vw\" \/>\t\t\t\t\t\t\t\t\t\t\t\t\t\t\t<\/div>\n\t\t\t\t<\/div>\n\t\t\t\t<div class=\"elementor-element elementor-element-81d2133 elementor-widget elementor-widget-text-editor\" data-id=\"81d2133\" data-element_type=\"widget\" data-widget_type=\"text-editor.default\">\n\t\t\t\t<div class=\"elementor-widget-container\">\n\t\t\t\t\t\t\t\t\t<h2 dir=\"ltr\">RFID Inventory \u2013 Uma solu\u00e7\u00e3o para gest\u00e3o e controle de invent\u00e1rio utilizando IoT e aplica\u00e7\u00e3o mobile\u00a0<\/h2><p dir=\"ltr\">Implanta\u00e7\u00e3o de TAGs RFID nas caixas utilizadas para o armazenamento das pr\u00e9-formas PET e cria\u00e7\u00e3o de um portal RFID para detec\u00e7\u00e3o de cada embalagem que passar por ele. A gest\u00e3o e controle deve ser feita por meio de uma aplica\u00e7\u00e3o mobile\u00a0<\/p>\t\t\t\t\t\t\t\t<\/div>\n\t\t\t\t<\/div>\n\t\t\t\t\t<\/div>\n\t\t<\/div>\n\t\t\t\t\t<\/div>\n\t\t<\/section>\n\t\t\t\t<section class=\"elementor-section elementor-top-section elementor-element elementor-element-d1234f9 elementor-section-boxed elementor-section-height-default elementor-section-height-default\" data-id=\"d1234f9\" data-element_type=\"section\" data-settings=\"{&quot;background_background&quot;:&quot;classic&quot;}\">\n\t\t\t\t\t\t<div class=\"elementor-container elementor-column-gap-default\">\n\t\t\t\t\t<div class=\"elementor-column elementor-col-50 elementor-top-column elementor-element elementor-element-e19c075\" data-id=\"e19c075\" data-element_type=\"column\">\n\t\t\t<div class=\"elementor-widget-wrap elementor-element-populated\">\n\t\t\t\t\t\t<div class=\"elementor-element elementor-element-ff2ac59 elementor-widget elementor-widget-text-editor\" data-id=\"ff2ac59\" data-element_type=\"widget\" data-widget_type=\"text-editor.default\">\n\t\t\t\t<div class=\"elementor-widget-container\">\n\t\t\t\t\t\t\t\t\t<p>DETALHES DO CICLO CRISTALPET<\/p>\t\t\t\t\t\t\t\t<\/div>\n\t\t\t\t<\/div>\n\t\t\t\t<div class=\"elementor-element elementor-element-9854a70 elementor-widget elementor-widget-button\" data-id=\"9854a70\" data-element_type=\"widget\" data-widget_type=\"button.default\">\n\t\t\t\t<div class=\"elementor-widget-container\">\n\t\t\t\t\t\t\t\t\t<div class=\"elementor-button-wrapper\">\n\t\t\t\t\t<a class=\"elementor-button elementor-button-link elementor-size-lg\" href=\"#\">\n\t\t\t\t\t\t<span class=\"elementor-button-content-wrapper\">\n\t\t\t\t\t\t\t\t\t<span class=\"elementor-button-text\">R$ 400.000,00<\/span>\n\t\t\t\t\t<\/span>\n\t\t\t\t\t<\/a>\n\t\t\t\t<\/div>\n\t\t\t\t\t\t\t\t<\/div>\n\t\t\t\t<\/div>\n\t\t\t\t<div class=\"elementor-element elementor-element-26f6388 elementor-widget elementor-widget-text-editor\" data-id=\"26f6388\" data-element_type=\"widget\" data-widget_type=\"text-editor.default\">\n\t\t\t\t<div class=\"elementor-widget-container\">\n\t\t\t\t\t\t\t\t\t<ul><li>A ser aportado conforme regulamento<\/li><li>Propriedade Intelectual (PI) antes do projeto, continua com o propriet\u00e1rio original<\/li><li>PI de produto desenvolvido \u00e9 da ICT\/Empresa Inovadora<\/li><li>Acordos alternativos podem ser negociados<\/li><\/ul>\t\t\t\t\t\t\t\t<\/div>\n\t\t\t\t<\/div>\n\t\t\t\t\t<\/div>\n\t\t<\/div>\n\t\t\t\t<div class=\"elementor-column elementor-col-50 elementor-top-column elementor-element elementor-element-0a01716\" data-id=\"0a01716\" data-element_type=\"column\">\n\t\t\t<div class=\"elementor-widget-wrap elementor-element-populated\">\n\t\t\t\t\t\t<div class=\"elementor-element elementor-element-8c098c0 elementor-align-center elementor-widget elementor-widget-button\" data-id=\"8c098c0\" data-element_type=\"widget\" data-widget_type=\"button.default\">\n\t\t\t\t<div class=\"elementor-widget-container\">\n\t\t\t\t\t\t\t\t\t<div class=\"elementor-button-wrapper\">\n\t\t\t\t\t<a class=\"elementor-button elementor-button-link elementor-size-xl\" href=\"http:\/\/portodigital.org\/arqSite\/Regulamento_Chamada_Gerdau.pdf\">\n\t\t\t\t\t\t<span class=\"elementor-button-content-wrapper\">\n\t\t\t\t\t\t\t\t\t<span class=\"elementor-button-text\">BRIEFING DA CHAMADA<\/span>\n\t\t\t\t\t<\/span>\n\t\t\t\t\t<\/a>\n\t\t\t\t<\/div>\n\t\t\t\t\t\t\t\t<\/div>\n\t\t\t\t<\/div>\n\t\t\t\t\t<\/div>\n\t\t<\/div>\n\t\t\t\t\t<\/div>\n\t\t<\/section>\n\t\t\t\t<\/div>\n\t\t","protected":false},"excerpt":{"rendered":"<p>CONHE\u00c7A AS SOLU\u00c7\u00d5ES VENCEDORAS DO DESAFIO! Com a finaliza\u00e7\u00e3o do processo de sele\u00e7\u00e3o para o Ciclo da CristalPet, as institui\u00e7\u00f5es selecionadas entrar\u00e3o no processo de negocia\u00e7\u00e3o para contrata\u00e7\u00e3o. PROJETOS A SEREM CONTRATADOS Implanta\u00e7\u00e3o e amplia\u00e7\u00e3o da plataforma MInA para suporte a rastreabilidade de lotes de pr\u00e9-forma PET O MInA permite que a empresa realize a &hellip; <\/p>\n<p class=\"link-more\"><a href=\"https:\/\/desenvolve.ai\/index.php\/cristalpet\/\" class=\"more-link\">Continue lendo<span class=\"screen-reader-text\"> &#8220;Cristalpet&#8221;<\/span><\/a><\/p>\n","protected":false},"author":1,"featured_media":0,"parent":0,"menu_order":0,"comment_status":"closed","ping_status":"closed","template":"elementor_header_footer","meta":{"footnotes":""},"class_list":["post-703","page","type-page","status-publish","hentry","entry"],"_links":{"self":[{"href":"https:\/\/desenvolve.ai\/index.php\/wp-json\/wp\/v2\/pages\/703","targetHints":{"allow":["GET"]}}],"collection":[{"href":"https:\/\/desenvolve.ai\/index.php\/wp-json\/wp\/v2\/pages"}],"about":[{"href":"https:\/\/desenvolve.ai\/index.php\/wp-json\/wp\/v2\/types\/page"}],"author":[{"embeddable":true,"href":"https:\/\/desenvolve.ai\/index.php\/wp-json\/wp\/v2\/users\/1"}],"replies":[{"embeddable":true,"href":"https:\/\/desenvolve.ai\/index.php\/wp-json\/wp\/v2\/comments?post=703"}],"version-history":[{"count":16,"href":"https:\/\/desenvolve.ai\/index.php\/wp-json\/wp\/v2\/pages\/703\/revisions"}],"predecessor-version":[{"id":2109,"href":"https:\/\/desenvolve.ai\/index.php\/wp-json\/wp\/v2\/pages\/703\/revisions\/2109"}],"wp:attachment":[{"href":"https:\/\/desenvolve.ai\/index.php\/wp-json\/wp\/v2\/media?parent=703"}],"curies":[{"name":"wp","href":"https:\/\/api.w.org\/{rel}","templated":true}]}}