{"id":4400,"date":"2024-01-15T13:33:27","date_gmt":"2024-01-15T13:33:27","guid":{"rendered":"https:\/\/desenvolve.ai\/?page_id=4400"},"modified":"2024-01-16T16:47:24","modified_gmt":"2024-01-16T16:47:24","slug":"marilan","status":"publish","type":"page","link":"https:\/\/desenvolve.ai\/index.php\/home\/marilan\/","title":{"rendered":"Marilan"},"content":{"rendered":"\t\t<div data-elementor-type=\"wp-page\" data-elementor-id=\"4400\" class=\"elementor elementor-4400\" data-elementor-post-type=\"page\">\n\t\t\t\t\t\t<section class=\"elementor-section elementor-top-section elementor-element elementor-element-1c849cc elementor-section-content-middle elementor-section-boxed elementor-section-height-default elementor-section-height-default elementor-invisible\" data-id=\"1c849cc\" data-element_type=\"section\" data-settings=\"{&quot;background_background&quot;:&quot;classic&quot;,&quot;animation&quot;:&quot;fadeInUp&quot;}\">\n\t\t\t\t\t\t\t<div class=\"elementor-background-overlay\"><\/div>\n\t\t\t\t\t\t\t<div class=\"elementor-container elementor-column-gap-default\">\n\t\t\t\t\t<div class=\"elementor-column elementor-col-50 elementor-top-column elementor-element elementor-element-a805abe elementor-invisible\" data-id=\"a805abe\" data-element_type=\"column\" data-settings=\"{&quot;animation&quot;:&quot;fadeIn&quot;}\">\n\t\t\t<div class=\"elementor-widget-wrap elementor-element-populated\">\n\t\t\t\t\t\t<div class=\"elementor-element elementor-element-84cb026 elementor-widget elementor-widget-image\" data-id=\"84cb026\" data-element_type=\"widget\" data-widget_type=\"image.default\">\n\t\t\t\t<div class=\"elementor-widget-container\">\n\t\t\t\t\t\t\t\t\t\t\t\t\t\t\t<img fetchpriority=\"high\" decoding=\"async\" width=\"640\" height=\"187\" src=\"https:\/\/desenvolve.ai\/wp-content\/uploads\/2024\/01\/marilanlogo-768x224.png\" class=\"attachment-medium_large size-medium_large wp-image-4402\" alt=\"\" srcset=\"https:\/\/desenvolve.ai\/wp-content\/uploads\/2024\/01\/marilanlogo-768x224.png 768w, https:\/\/desenvolve.ai\/wp-content\/uploads\/2024\/01\/marilanlogo-300x87.png 300w, https:\/\/desenvolve.ai\/wp-content\/uploads\/2024\/01\/marilanlogo-1024x298.png 1024w, https:\/\/desenvolve.ai\/wp-content\/uploads\/2024\/01\/marilanlogo.png 1441w\" sizes=\"(max-width: 34.9rem) calc(100vw - 2rem), (max-width: 53rem) calc(8 * (100vw \/ 12)), (min-width: 53rem) calc(6 * (100vw \/ 12)), 100vw\" \/>\t\t\t\t\t\t\t\t\t\t\t\t\t\t\t<\/div>\n\t\t\t\t<\/div>\n\t\t\t\t\t<\/div>\n\t\t<\/div>\n\t\t\t\t<div class=\"elementor-column elementor-col-50 elementor-top-column elementor-element elementor-element-fe1121a elementor-invisible\" data-id=\"fe1121a\" data-element_type=\"column\" data-settings=\"{&quot;animation&quot;:&quot;zoomIn&quot;}\">\n\t\t\t<div class=\"elementor-widget-wrap elementor-element-populated\">\n\t\t\t\t\t\t<div class=\"elementor-element elementor-element-79506e0 elementor-widget elementor-widget-text-editor\" data-id=\"79506e0\" data-element_type=\"widget\" data-widget_type=\"text-editor.default\">\n\t\t\t\t<div class=\"elementor-widget-container\">\n\t\t\t\t\t\t\t\t\t<p>O Porto Digital, em parceria com a ADEPE, lan\u00e7a mais uma edi\u00e7\u00e3o do Desenvolve.Ai &#8211; programa de inova\u00e7\u00e3o aberta com objetivo de identificar solu\u00e7\u00f5es de startups, empresas e centros de tecnologia e pesquisa capazes de abordar desafios de diversas empresas.\u00a0<\/p><p>Neste ciclo, inovamos com a Marilan, empresa l\u00edder na produ\u00e7\u00e3o de biscoitos, wafers, biscoitos especiais e cookies.<\/p>\t\t\t\t\t\t\t\t<\/div>\n\t\t\t\t<\/div>\n\t\t\t\t\t<\/div>\n\t\t<\/div>\n\t\t\t\t\t<\/div>\n\t\t<\/section>\n\t\t\t\t<section class=\"elementor-section elementor-top-section elementor-element elementor-element-ee1dc66 elementor-section-boxed elementor-section-height-default elementor-section-height-default elementor-invisible\" data-id=\"ee1dc66\" data-element_type=\"section\" data-settings=\"{&quot;background_background&quot;:&quot;classic&quot;,&quot;animation&quot;:&quot;fadeIn&quot;}\">\n\t\t\t\t\t\t<div class=\"elementor-container elementor-column-gap-default\">\n\t\t\t\t\t<div class=\"elementor-column elementor-col-100 elementor-top-column elementor-element elementor-element-cc90488\" data-id=\"cc90488\" data-element_type=\"column\">\n\t\t\t<div class=\"elementor-widget-wrap elementor-element-populated\">\n\t\t\t\t\t\t<section class=\"elementor-section elementor-inner-section elementor-element elementor-element-68f8f49 elementor-section-boxed elementor-section-height-default elementor-section-height-default\" data-id=\"68f8f49\" data-element_type=\"section\">\n\t\t\t\t\t\t<div class=\"elementor-container elementor-column-gap-default\">\n\t\t\t\t\t<div class=\"elementor-column elementor-col-100 elementor-inner-column elementor-element elementor-element-bfd03c3\" data-id=\"bfd03c3\" data-element_type=\"column\">\n\t\t\t<div class=\"elementor-widget-wrap elementor-element-populated\">\n\t\t\t\t\t\t<div class=\"elementor-element elementor-element-1c80db9 elementor-widget elementor-widget-text-editor\" data-id=\"1c80db9\" data-element_type=\"widget\" data-widget_type=\"text-editor.default\">\n\t\t\t\t<div class=\"elementor-widget-container\">\n\t\t\t\t\t\t\t\t\t<p dir=\"ltr\">Conhe\u00e7a a Solu\u00e7\u00e3o Vencedora do Desafio<\/p>\t\t\t\t\t\t\t\t<\/div>\n\t\t\t\t<\/div>\n\t\t\t\t\t<\/div>\n\t\t<\/div>\n\t\t\t\t\t<\/div>\n\t\t<\/section>\n\t\t\t\t\t<\/div>\n\t\t<\/div>\n\t\t\t\t\t<\/div>\n\t\t<\/section>\n\t\t\t\t<section class=\"elementor-section elementor-top-section elementor-element elementor-element-6aa5fc0 elementor-section-boxed elementor-section-height-default elementor-section-height-default\" data-id=\"6aa5fc0\" data-element_type=\"section\" data-settings=\"{&quot;background_background&quot;:&quot;classic&quot;}\">\n\t\t\t\t\t\t<div class=\"elementor-container elementor-column-gap-default\">\n\t\t\t\t\t<div class=\"elementor-column elementor-col-100 elementor-top-column elementor-element elementor-element-3110554\" data-id=\"3110554\" data-element_type=\"column\" data-settings=\"{&quot;background_background&quot;:&quot;classic&quot;}\">\n\t\t\t<div class=\"elementor-widget-wrap elementor-element-populated\">\n\t\t\t\t\t\t<section class=\"elementor-section elementor-inner-section elementor-element elementor-element-9c7ac38 elementor-section-boxed elementor-section-height-default elementor-section-height-default\" data-id=\"9c7ac38\" data-element_type=\"section\">\n\t\t\t\t\t\t<div class=\"elementor-container elementor-column-gap-default\">\n\t\t\t\t\t<div class=\"elementor-column elementor-col-100 elementor-inner-column elementor-element elementor-element-8270525\" data-id=\"8270525\" data-element_type=\"column\">\n\t\t\t<div class=\"elementor-widget-wrap\">\n\t\t\t\t\t\t\t<\/div>\n\t\t<\/div>\n\t\t\t\t\t<\/div>\n\t\t<\/section>\n\t\t\t\t<div class=\"elementor-element elementor-element-4106fcb elementor-widget elementor-widget-image\" data-id=\"4106fcb\" data-element_type=\"widget\" data-widget_type=\"image.default\">\n\t\t\t\t<div class=\"elementor-widget-container\">\n\t\t\t\t\t\t\t\t\t\t\t\t\t\t\t<img decoding=\"async\" width=\"666\" height=\"375\" src=\"https:\/\/desenvolve.ai\/wp-content\/uploads\/2024\/01\/logo-In-Forma.png\" class=\"attachment-1536x1536 size-1536x1536 wp-image-4403\" alt=\"\" srcset=\"https:\/\/desenvolve.ai\/wp-content\/uploads\/2024\/01\/logo-In-Forma.png 666w, https:\/\/desenvolve.ai\/wp-content\/uploads\/2024\/01\/logo-In-Forma-300x169.png 300w\" sizes=\"(max-width: 34.9rem) calc(100vw - 2rem), (max-width: 53rem) calc(8 * (100vw \/ 12)), (min-width: 53rem) calc(6 * (100vw \/ 12)), 100vw\" \/>\t\t\t\t\t\t\t\t\t\t\t\t\t\t\t<\/div>\n\t\t\t\t<\/div>\n\t\t\t\t<div class=\"elementor-element elementor-element-d7ae989 elementor-widget elementor-widget-image\" data-id=\"d7ae989\" data-element_type=\"widget\" data-widget_type=\"image.default\">\n\t\t\t\t<div class=\"elementor-widget-container\">\n\t\t\t\t\t\t\t\t\t\t\t\t\t\t\t<img decoding=\"async\" width=\"1536\" height=\"449\" src=\"https:\/\/desenvolve.ai\/wp-content\/uploads\/2024\/01\/logo-birmind-1-1536x449.png\" class=\"attachment-1536x1536 size-1536x1536 wp-image-4404\" alt=\"\" srcset=\"https:\/\/desenvolve.ai\/wp-content\/uploads\/2024\/01\/logo-birmind-1-1536x449.png 1536w, https:\/\/desenvolve.ai\/wp-content\/uploads\/2024\/01\/logo-birmind-1-300x88.png 300w, https:\/\/desenvolve.ai\/wp-content\/uploads\/2024\/01\/logo-birmind-1-1024x299.png 1024w, https:\/\/desenvolve.ai\/wp-content\/uploads\/2024\/01\/logo-birmind-1-768x224.png 768w, https:\/\/desenvolve.ai\/wp-content\/uploads\/2024\/01\/logo-birmind-1-2048x598.png 2048w, https:\/\/desenvolve.ai\/wp-content\/uploads\/2024\/01\/logo-birmind-1-1568x458.png 1568w\" sizes=\"(max-width: 34.9rem) calc(100vw - 2rem), (max-width: 53rem) calc(8 * (100vw \/ 12)), (min-width: 53rem) calc(6 * (100vw \/ 12)), 100vw\" \/>\t\t\t\t\t\t\t\t\t\t\t\t\t\t\t<\/div>\n\t\t\t\t<\/div>\n\t\t\t\t<div class=\"elementor-element elementor-element-eca6325 elementor-widget elementor-widget-text-editor\" data-id=\"eca6325\" data-element_type=\"widget\" data-widget_type=\"text-editor.default\">\n\t\t\t\t<div class=\"elementor-widget-container\">\n\t\t\t\t\t\t\t\t\t<p>Coleta de dados da produ\u00e7\u00e3o para redu\u00e7\u00e3o de consumo de utilidades<\/p>\t\t\t\t\t\t\t\t<\/div>\n\t\t\t\t<\/div>\n\t\t\t\t<section class=\"elementor-section elementor-inner-section elementor-element elementor-element-79c703a elementor-section-boxed elementor-section-height-default elementor-section-height-default\" data-id=\"79c703a\" data-element_type=\"section\">\n\t\t\t\t\t\t<div class=\"elementor-container elementor-column-gap-default\">\n\t\t\t\t\t<div class=\"elementor-column elementor-col-100 elementor-inner-column elementor-element elementor-element-6c342bf\" data-id=\"6c342bf\" data-element_type=\"column\">\n\t\t\t<div class=\"elementor-widget-wrap elementor-element-populated\">\n\t\t\t\t\t\t<div class=\"elementor-element elementor-element-6d1082f elementor-widget elementor-widget-text-editor\" data-id=\"6d1082f\" data-element_type=\"widget\" data-widget_type=\"text-editor.default\">\n\t\t\t\t<div class=\"elementor-widget-container\">\n\t\t\t\t\t\t\t\t\t<p>As solu\u00e7\u00f5es apresentadas pelas empresas In Forma e Birmind oferecem uma abordagem abrangente e avan\u00e7ada para a gest\u00e3o de utilidades industriais, especialmente no que diz respeito \u00e0 coleta, an\u00e1lise e otimiza\u00e7\u00e3o do consumo de g\u00e1s.<\/p>\n<p>A plataforma Util4.0, desenvolvida pela In Forma, utiliza a captura de dados, armazenamento em nuvem e algoritmos de intelig\u00eancia artificial para monitorar vari\u00e1veis de processo em tempo real. Al\u00e9m disso, a plataforma emite alertas e recomenda\u00e7\u00f5es para otimizar par\u00e2metros e configura\u00e7\u00f5es, alinhando-se a indicadores-chave de desempenho (KPIs) de efici\u00eancia. Isso resulta em uma gest\u00e3o mais eficiente, contribuindo para melhores resultados estrat\u00e9gicos e operacionais das empresas.<\/p>\n<p>Por sua vez, a solu\u00e7\u00e3o B-Wise da Birmind simplifica a aplica\u00e7\u00e3o de solu\u00e7\u00f5es digitais nas f\u00e1bricas. O B-Wise Historian coleta dados da automa\u00e7\u00e3o e de outros sistemas em tempo real, armazenando-os de forma cronol\u00f3gica para facilitar pesquisas, correla\u00e7\u00f5es e an\u00e1lises. A conectividade da plataforma abrange uma variedade de protocolos industriais e de IoT, permitindo a integra\u00e7\u00e3o de diferentes fabricantes e sistemas em uma \u00fanica base de dados. A programa\u00e7\u00e3o simplificada, com ferramentas Open Source, facilita a cria\u00e7\u00e3o r\u00e1pida de dashboards e a implementa\u00e7\u00e3o de l\u00f3gicas low-code. O destaque fica por conta dos algoritmos de auto machine learning do B-Wise, que podem ser aplicados com ou sem conex\u00e3o com a internet, oferecendo detec\u00e7\u00e3o autom\u00e1tica de anomalias, predi\u00e7\u00e3o de s\u00e9ries temporais e an\u00e1lise de correla\u00e7\u00e3o.<\/p>\n<p>Em conjunto, essas solu\u00e7\u00f5es proporcionam uma gest\u00e3o avan\u00e7ada e eficiente das utilidades industriais, melhorando a tomada de decis\u00f5es, a efici\u00eancia operacional e contribuindo para a otimiza\u00e7\u00e3o do consumo de g\u00e1s nas opera\u00e7\u00f5es industriais.<span style=\"color: var( --e-global-color-text );\">&nbsp;<\/span><br><\/p>\t\t\t\t\t\t\t\t<\/div>\n\t\t\t\t<\/div>\n\t\t\t\t\t<\/div>\n\t\t<\/div>\n\t\t\t\t\t<\/div>\n\t\t<\/section>\n\t\t\t\t\t<\/div>\n\t\t<\/div>\n\t\t\t\t\t<\/div>\n\t\t<\/section>\n\t\t\t\t<section class=\"elementor-section elementor-top-section elementor-element elementor-element-9ab5d06 elementor-section-boxed elementor-section-height-default elementor-section-height-default elementor-invisible\" data-id=\"9ab5d06\" data-element_type=\"section\" data-settings=\"{&quot;background_background&quot;:&quot;classic&quot;,&quot;animation&quot;:&quot;fadeIn&quot;}\">\n\t\t\t\t\t\t<div class=\"elementor-container elementor-column-gap-default\">\n\t\t\t\t\t<div class=\"elementor-column elementor-col-100 elementor-top-column elementor-element elementor-element-5213e06\" data-id=\"5213e06\" data-element_type=\"column\">\n\t\t\t<div class=\"elementor-widget-wrap\">\n\t\t\t\t\t\t\t<\/div>\n\t\t<\/div>\n\t\t\t\t\t<\/div>\n\t\t<\/section>\n\t\t\t\t<section class=\"elementor-section elementor-top-section elementor-element elementor-element-89d4ef6 animated-slow elementor-section-boxed elementor-section-height-default elementor-section-height-default elementor-invisible\" data-id=\"89d4ef6\" data-element_type=\"section\" data-settings=\"{&quot;background_background&quot;:&quot;classic&quot;,&quot;animation&quot;:&quot;zoomIn&quot;}\">\n\t\t\t\t\t\t\t<div class=\"elementor-background-overlay\"><\/div>\n\t\t\t\t\t\t\t<div class=\"elementor-container elementor-column-gap-default\">\n\t\t\t\t\t<div class=\"elementor-column elementor-col-100 elementor-top-column elementor-element elementor-element-67b1817\" data-id=\"67b1817\" data-element_type=\"column\">\n\t\t\t<div class=\"elementor-widget-wrap elementor-element-populated\">\n\t\t\t\t\t\t<div class=\"elementor-element elementor-element-85fff8d elementor-widget elementor-widget-text-editor\" data-id=\"85fff8d\" data-element_type=\"widget\" data-widget_type=\"text-editor.default\">\n\t\t\t\t<div class=\"elementor-widget-container\">\n\t\t\t\t\t\t\t\t\t<p>DETALHES DO CICLO DE INOVA\u00c7\u00c3O\u00a0<\/p>\t\t\t\t\t\t\t\t<\/div>\n\t\t\t\t<\/div>\n\t\t\t\t<div class=\"elementor-element elementor-element-a4da1e8 elementor-widget elementor-widget-button\" data-id=\"a4da1e8\" data-element_type=\"widget\" data-widget_type=\"button.default\">\n\t\t\t\t<div class=\"elementor-widget-container\">\n\t\t\t\t\t\t\t\t\t<div class=\"elementor-button-wrapper\">\n\t\t\t\t\t<a class=\"elementor-button elementor-button-link elementor-size-lg\" href=\"#\">\n\t\t\t\t\t\t<span class=\"elementor-button-content-wrapper\">\n\t\t\t\t\t\t\t\t\t<span class=\"elementor-button-text\">R$107.000,00<\/span>\n\t\t\t\t\t<\/span>\n\t\t\t\t\t<\/a>\n\t\t\t\t<\/div>\n\t\t\t\t\t\t\t\t<\/div>\n\t\t\t\t<\/div>\n\t\t\t\t<div class=\"elementor-element elementor-element-1e1a2eb elementor-widget elementor-widget-text-editor\" data-id=\"1e1a2eb\" data-element_type=\"widget\" data-widget_type=\"text-editor.default\">\n\t\t\t\t<div class=\"elementor-widget-container\">\n\t\t\t\t\t\t\t\t\t<ul>\n<li data-stringify-indent=\"0\" data-stringify-border=\"0\">&nbsp;Aportado conforme o regulamento<\/li>\n<li data-stringify-indent=\"0\" data-stringify-border=\"0\">Propriedade Intelectual (PI) antes do projeto, continua com o propriet\u00e1rio original<\/li>\n<li data-stringify-indent=\"0\" data-stringify-border=\"0\">PI de produto desenvolvido \u00e9 da ICT\/Empresa Inovadora<\/li>\n<li data-stringify-indent=\"0\" data-stringify-border=\"0\">Acordos alternativos podem ser negociados<\/li>\n<\/ul>\t\t\t\t\t\t\t\t<\/div>\n\t\t\t\t<\/div>\n\t\t\t\t\t<\/div>\n\t\t<\/div>\n\t\t\t\t\t<\/div>\n\t\t<\/section>\n\t\t\t\t<\/div>\n\t\t","protected":false},"excerpt":{"rendered":"<p>O Porto Digital, em parceria com a ADEPE, lan\u00e7a mais uma edi\u00e7\u00e3o do Desenvolve.Ai &#8211; programa de inova\u00e7\u00e3o aberta com objetivo de identificar solu\u00e7\u00f5es de startups, empresas e centros de tecnologia e pesquisa capazes de abordar desafios de diversas empresas.\u00a0 Neste ciclo, inovamos com a Marilan, empresa l\u00edder na produ\u00e7\u00e3o de biscoitos, wafers, biscoitos especiais &hellip; <\/p>\n<p class=\"link-more\"><a href=\"https:\/\/desenvolve.ai\/index.php\/home\/marilan\/\" class=\"more-link\">Continue lendo<span class=\"screen-reader-text\"> &#8220;Marilan&#8221;<\/span><\/a><\/p>\n","protected":false},"author":1,"featured_media":0,"parent":13,"menu_order":0,"comment_status":"closed","ping_status":"closed","template":"elementor_header_footer","meta":{"footnotes":""},"class_list":["post-4400","page","type-page","status-publish","hentry","entry"],"_links":{"self":[{"href":"https:\/\/desenvolve.ai\/index.php\/wp-json\/wp\/v2\/pages\/4400","targetHints":{"allow":["GET"]}}],"collection":[{"href":"https:\/\/desenvolve.ai\/index.php\/wp-json\/wp\/v2\/pages"}],"about":[{"href":"https:\/\/desenvolve.ai\/index.php\/wp-json\/wp\/v2\/types\/page"}],"author":[{"embeddable":true,"href":"https:\/\/desenvolve.ai\/index.php\/wp-json\/wp\/v2\/users\/1"}],"replies":[{"embeddable":true,"href":"https:\/\/desenvolve.ai\/index.php\/wp-json\/wp\/v2\/comments?post=4400"}],"version-history":[{"count":7,"href":"https:\/\/desenvolve.ai\/index.php\/wp-json\/wp\/v2\/pages\/4400\/revisions"}],"predecessor-version":[{"id":4446,"href":"https:\/\/desenvolve.ai\/index.php\/wp-json\/wp\/v2\/pages\/4400\/revisions\/4446"}],"up":[{"embeddable":true,"href":"https:\/\/desenvolve.ai\/index.php\/wp-json\/wp\/v2\/pages\/13"}],"wp:attachment":[{"href":"https:\/\/desenvolve.ai\/index.php\/wp-json\/wp\/v2\/media?parent=4400"}],"curies":[{"name":"wp","href":"https:\/\/api.w.org\/{rel}","templated":true}]}}