{"id":4371,"date":"2024-01-15T12:42:45","date_gmt":"2024-01-15T12:42:45","guid":{"rendered":"https:\/\/desenvolve.ai\/?page_id=4371"},"modified":"2024-01-16T16:40:42","modified_gmt":"2024-01-16T16:40:42","slug":"venosan","status":"publish","type":"page","link":"https:\/\/desenvolve.ai\/index.php\/home\/venosan\/","title":{"rendered":"Venosan"},"content":{"rendered":"\t\t<div data-elementor-type=\"wp-page\" data-elementor-id=\"4371\" class=\"elementor elementor-4371\" data-elementor-post-type=\"page\">\n\t\t\t\t\t\t<section class=\"elementor-section elementor-top-section elementor-element elementor-element-1c849cc elementor-section-content-middle elementor-section-boxed elementor-section-height-default elementor-section-height-default elementor-invisible\" data-id=\"1c849cc\" data-element_type=\"section\" data-settings=\"{&quot;background_background&quot;:&quot;classic&quot;,&quot;animation&quot;:&quot;fadeInUp&quot;}\">\n\t\t\t\t\t\t\t<div class=\"elementor-background-overlay\"><\/div>\n\t\t\t\t\t\t\t<div class=\"elementor-container elementor-column-gap-default\">\n\t\t\t\t\t<div class=\"elementor-column elementor-col-50 elementor-top-column elementor-element elementor-element-a805abe elementor-invisible\" data-id=\"a805abe\" data-element_type=\"column\" data-settings=\"{&quot;animation&quot;:&quot;fadeIn&quot;}\">\n\t\t\t<div class=\"elementor-widget-wrap elementor-element-populated\">\n\t\t\t\t\t\t<div class=\"elementor-element elementor-element-84cb026 elementor-widget elementor-widget-image\" data-id=\"84cb026\" data-element_type=\"widget\" data-widget_type=\"image.default\">\n\t\t\t\t<div class=\"elementor-widget-container\">\n\t\t\t\t\t\t\t\t\t\t\t\t\t\t\t<img fetchpriority=\"high\" decoding=\"async\" width=\"640\" height=\"281\" src=\"https:\/\/desenvolve.ai\/wp-content\/uploads\/2024\/01\/venosanlogo-1-768x337.png\" class=\"attachment-medium_large size-medium_large wp-image-4374\" alt=\"\" srcset=\"https:\/\/desenvolve.ai\/wp-content\/uploads\/2024\/01\/venosanlogo-1-768x337.png 768w, https:\/\/desenvolve.ai\/wp-content\/uploads\/2024\/01\/venosanlogo-1-300x132.png 300w, https:\/\/desenvolve.ai\/wp-content\/uploads\/2024\/01\/venosanlogo-1-1024x449.png 1024w, https:\/\/desenvolve.ai\/wp-content\/uploads\/2024\/01\/venosanlogo-1.png 1203w\" sizes=\"(max-width: 34.9rem) calc(100vw - 2rem), (max-width: 53rem) calc(8 * (100vw \/ 12)), (min-width: 53rem) calc(6 * (100vw \/ 12)), 100vw\" \/>\t\t\t\t\t\t\t\t\t\t\t\t\t\t\t<\/div>\n\t\t\t\t<\/div>\n\t\t\t\t\t<\/div>\n\t\t<\/div>\n\t\t\t\t<div class=\"elementor-column elementor-col-50 elementor-top-column elementor-element elementor-element-fe1121a elementor-invisible\" data-id=\"fe1121a\" data-element_type=\"column\" data-settings=\"{&quot;animation&quot;:&quot;zoomIn&quot;}\">\n\t\t\t<div class=\"elementor-widget-wrap elementor-element-populated\">\n\t\t\t\t\t\t<div class=\"elementor-element elementor-element-79506e0 elementor-widget elementor-widget-text-editor\" data-id=\"79506e0\" data-element_type=\"widget\" data-widget_type=\"text-editor.default\">\n\t\t\t\t<div class=\"elementor-widget-container\">\n\t\t\t\t\t\t\t\t\t<p>O Porto Digital, em parceria com a ADEPE, lan\u00e7a mais uma edi\u00e7\u00e3o do Desenvolve.Ai &#8211; programa de inova\u00e7\u00e3o aberta com objetivo de identificar solu\u00e7\u00f5es de startups, empresas e centros de tecnologia e pesquisa capazes de abordar desafios de diversas empresas.\u00a0<\/p><p>Neste ciclo, inovamos com a Venosan, empresa produtora de fabrica\u00e7\u00e3o de meias compressivas medicinais.<\/p>\t\t\t\t\t\t\t\t<\/div>\n\t\t\t\t<\/div>\n\t\t\t\t\t<\/div>\n\t\t<\/div>\n\t\t\t\t\t<\/div>\n\t\t<\/section>\n\t\t\t\t<section class=\"elementor-section elementor-top-section elementor-element elementor-element-ee1dc66 elementor-section-boxed elementor-section-height-default elementor-section-height-default elementor-invisible\" data-id=\"ee1dc66\" data-element_type=\"section\" data-settings=\"{&quot;background_background&quot;:&quot;classic&quot;,&quot;animation&quot;:&quot;fadeIn&quot;}\">\n\t\t\t\t\t\t<div class=\"elementor-container elementor-column-gap-default\">\n\t\t\t\t\t<div class=\"elementor-column elementor-col-100 elementor-top-column elementor-element elementor-element-cc90488\" data-id=\"cc90488\" data-element_type=\"column\">\n\t\t\t<div class=\"elementor-widget-wrap elementor-element-populated\">\n\t\t\t\t\t\t<section class=\"elementor-section elementor-inner-section elementor-element elementor-element-68f8f49 elementor-section-boxed elementor-section-height-default elementor-section-height-default\" data-id=\"68f8f49\" data-element_type=\"section\">\n\t\t\t\t\t\t<div class=\"elementor-container elementor-column-gap-default\">\n\t\t\t\t\t<div class=\"elementor-column elementor-col-100 elementor-inner-column elementor-element elementor-element-bfd03c3\" data-id=\"bfd03c3\" data-element_type=\"column\">\n\t\t\t<div class=\"elementor-widget-wrap elementor-element-populated\">\n\t\t\t\t\t\t<div class=\"elementor-element elementor-element-1c80db9 elementor-widget elementor-widget-text-editor\" data-id=\"1c80db9\" data-element_type=\"widget\" data-widget_type=\"text-editor.default\">\n\t\t\t\t<div class=\"elementor-widget-container\">\n\t\t\t\t\t\t\t\t\t<p dir=\"ltr\">Conhe\u00e7a a Solu\u00e7\u00e3o Vencedora do Desafio<\/p>\t\t\t\t\t\t\t\t<\/div>\n\t\t\t\t<\/div>\n\t\t\t\t\t<\/div>\n\t\t<\/div>\n\t\t\t\t\t<\/div>\n\t\t<\/section>\n\t\t\t\t\t<\/div>\n\t\t<\/div>\n\t\t\t\t\t<\/div>\n\t\t<\/section>\n\t\t\t\t<section class=\"elementor-section elementor-top-section elementor-element elementor-element-6aa5fc0 elementor-section-boxed elementor-section-height-default elementor-section-height-default\" data-id=\"6aa5fc0\" data-element_type=\"section\" data-settings=\"{&quot;background_background&quot;:&quot;classic&quot;}\">\n\t\t\t\t\t\t<div class=\"elementor-container elementor-column-gap-default\">\n\t\t\t\t\t<div class=\"elementor-column elementor-col-100 elementor-top-column elementor-element elementor-element-3110554\" data-id=\"3110554\" data-element_type=\"column\" data-settings=\"{&quot;background_background&quot;:&quot;classic&quot;}\">\n\t\t\t<div class=\"elementor-widget-wrap elementor-element-populated\">\n\t\t\t\t\t\t<section class=\"elementor-section elementor-inner-section elementor-element elementor-element-9c7ac38 elementor-section-boxed elementor-section-height-default elementor-section-height-default\" data-id=\"9c7ac38\" data-element_type=\"section\">\n\t\t\t\t\t\t<div class=\"elementor-container elementor-column-gap-default\">\n\t\t\t\t\t<div class=\"elementor-column elementor-col-100 elementor-inner-column elementor-element elementor-element-8270525\" data-id=\"8270525\" data-element_type=\"column\">\n\t\t\t<div class=\"elementor-widget-wrap\">\n\t\t\t\t\t\t\t<\/div>\n\t\t<\/div>\n\t\t\t\t\t<\/div>\n\t\t<\/section>\n\t\t\t\t<div class=\"elementor-element elementor-element-4106fcb elementor-widget elementor-widget-image\" data-id=\"4106fcb\" data-element_type=\"widget\" data-widget_type=\"image.default\">\n\t\t\t\t<div class=\"elementor-widget-container\">\n\t\t\t\t\t\t\t\t\t\t\t\t\t\t\t<img decoding=\"async\" width=\"440\" height=\"180\" src=\"https:\/\/desenvolve.ai\/wp-content\/uploads\/2024\/01\/FRACTTAL-logo1.png\" class=\"attachment-1536x1536 size-1536x1536 wp-image-4375\" alt=\"\" srcset=\"https:\/\/desenvolve.ai\/wp-content\/uploads\/2024\/01\/FRACTTAL-logo1.png 440w, https:\/\/desenvolve.ai\/wp-content\/uploads\/2024\/01\/FRACTTAL-logo1-300x123.png 300w\" sizes=\"(max-width: 34.9rem) calc(100vw - 2rem), (max-width: 53rem) calc(8 * (100vw \/ 12)), (min-width: 53rem) calc(6 * (100vw \/ 12)), 100vw\" \/>\t\t\t\t\t\t\t\t\t\t\t\t\t\t\t<\/div>\n\t\t\t\t<\/div>\n\t\t\t\t<div class=\"elementor-element elementor-element-eca6325 elementor-widget elementor-widget-text-editor\" data-id=\"eca6325\" data-element_type=\"widget\" data-widget_type=\"text-editor.default\">\n\t\t\t\t<div class=\"elementor-widget-container\">\n\t\t\t\t\t\t\t\t\t<p>Gest\u00e3o da manuten\u00e7\u00e3o a partir do monitoramento de dados de m\u00e1quinas e de sensores<\/p>\t\t\t\t\t\t\t\t<\/div>\n\t\t\t\t<\/div>\n\t\t\t\t<section class=\"elementor-section elementor-inner-section elementor-element elementor-element-79c703a elementor-section-boxed elementor-section-height-default elementor-section-height-default\" data-id=\"79c703a\" data-element_type=\"section\">\n\t\t\t\t\t\t<div class=\"elementor-container elementor-column-gap-default\">\n\t\t\t\t\t<div class=\"elementor-column elementor-col-100 elementor-inner-column elementor-element elementor-element-6c342bf\" data-id=\"6c342bf\" data-element_type=\"column\">\n\t\t\t<div class=\"elementor-widget-wrap elementor-element-populated\">\n\t\t\t\t\t\t<div class=\"elementor-element elementor-element-6d1082f elementor-widget elementor-widget-text-editor\" data-id=\"6d1082f\" data-element_type=\"widget\" data-widget_type=\"text-editor.default\">\n\t\t\t\t<div class=\"elementor-widget-container\">\n\t\t\t\t\t\t\t\t\t<p>Aprimorando a capacidade de facilitar a digitaliza\u00e7\u00e3o e utiliza\u00e7\u00e3o de dados de vibra\u00e7\u00e3o, ru\u00eddo e temperatura, coletados por operadores por meio de equipamentos, a solu\u00e7\u00e3o oferece a flexibilidade de integrar novos sensores a um conjunto central de m\u00e1quinas. Ao avaliar o custo-benef\u00edcio, proporciona acesso e utiliza\u00e7\u00e3o eficiente dos dados dos sistemas das m\u00e1quinas, como frequ\u00eancia e amperagem.<\/p><p><span style=\"color: var( --e-global-color-text );\">Destaca-se tamb\u00e9m a capacidade de gerar alertas quando par\u00e2metros espec\u00edficos ultrapassam limites predefinidos ou indicam tend\u00eancias indesejadas, sugerindo a\u00e7\u00f5es para prevenir poss\u00edveis falhas futuras. A plataforma permite a gera\u00e7\u00e3o de relat\u00f3rios e gr\u00e1ficos para a gest\u00e3o da manuten\u00e7\u00e3o, incluindo an\u00e1lises sobre m\u00e1quinas, pe\u00e7as e operadores, com a possibilidade de correlacionar o desempenho das m\u00e1quinas com a efic\u00e1cia das a\u00e7\u00f5es de manuten\u00e7\u00e3o.<\/span><\/p><p><span style=\"color: var( --e-global-color-text );\">Integrando ordens de servi\u00e7o preditivas e preventivas a interven\u00e7\u00f5es corretivas programadas, a solu\u00e7\u00e3o oferece uma abordagem abrangente. Al\u00e9m disso, fornece insights, alertas e sugest\u00f5es de a\u00e7\u00f5es para o controle do almoxarifado, alinhados \u00e0s previs\u00f5es de manuten\u00e7\u00e3o e \u00e0 curva ABC. Por exemplo, sugere a com<\/span>Capacidade\u00a0 de: facilitar a digitaliza\u00e7\u00e3o e o uso dos dados de vibra\u00e7\u00e3o, ru\u00eddo e temperatura que s\u00e3o coletados com equipamentos pelos operadores. Possibilidade de adicionar novos sensores a um conjunto de m\u00e1quinas centrais.Acessar e utilizar os dados dos sistemas das m\u00e1quinas (ex: frequ\u00eancia e amperagem). Gerar alertas quando um determinado par\u00e2metro sai de limites pr\u00e9-estabelecidos, ou mostram tend\u00eancia indesejada, indicando a\u00e7\u00f5es a serem tomadas para evitar uma poss\u00edvel falha futura. Gerar relat\u00f3rios e gr\u00e1ficos para a gest\u00e3o da manuten\u00e7\u00e3o, com an\u00e1lises gerais, sobre m\u00e1quinas, sobre pe\u00e7as e sobre operadores, podendo correlacionar o desempenho da m\u00e1quina com a efetividade das a\u00e7\u00f5es de manuten\u00e7\u00e3o.\u00a0 Vincular OS preditivas e preventivas a uma corretiva programada. Gerar insights, alertas e sugest\u00f5es de tomadas de a\u00e7\u00e3o para o controle do almoxarifado de acordo com as previs\u00f5es da manuten\u00e7\u00e3o e curva ABC (ex: comprar e estocar mais unidades da pe\u00e7a X, dado que \u00e9 prov\u00e1vel que esse tipo de pe\u00e7a seja necess\u00e1rio no m\u00eas seguinte). Facilitar a padroniza\u00e7\u00e3o na nomenclatura de pe\u00e7as cadastradas no invent\u00e1rio. Facilitar a busca por pe\u00e7as e suas especifica\u00e7\u00f5es nos diversos cat\u00e1logos de fornecedores.<\/p><p><span style=\"color: var( --e-global-color-text );\">Facilitar<\/span>\u00a0a padroniza\u00e7\u00e3o na nomenclatura de pe\u00e7as cadastradas no invent\u00e1rio, a plataforma simplifica a busca por pe\u00e7as e suas especifica\u00e7\u00f5es nos diversos cat\u00e1logos de fornecedores.<\/p><p>\u00a0<\/p>\t\t\t\t\t\t\t\t<\/div>\n\t\t\t\t<\/div>\n\t\t\t\t\t<\/div>\n\t\t<\/div>\n\t\t\t\t\t<\/div>\n\t\t<\/section>\n\t\t\t\t\t<\/div>\n\t\t<\/div>\n\t\t\t\t\t<\/div>\n\t\t<\/section>\n\t\t\t\t<section class=\"elementor-section elementor-top-section elementor-element elementor-element-9ab5d06 elementor-section-boxed elementor-section-height-default elementor-section-height-default elementor-invisible\" data-id=\"9ab5d06\" data-element_type=\"section\" data-settings=\"{&quot;background_background&quot;:&quot;classic&quot;,&quot;animation&quot;:&quot;fadeIn&quot;}\">\n\t\t\t\t\t\t<div class=\"elementor-container elementor-column-gap-default\">\n\t\t\t\t\t<div class=\"elementor-column elementor-col-100 elementor-top-column elementor-element elementor-element-5213e06\" data-id=\"5213e06\" data-element_type=\"column\">\n\t\t\t<div class=\"elementor-widget-wrap\">\n\t\t\t\t\t\t\t<\/div>\n\t\t<\/div>\n\t\t\t\t\t<\/div>\n\t\t<\/section>\n\t\t\t\t<section class=\"elementor-section elementor-top-section elementor-element elementor-element-89d4ef6 animated-slow elementor-section-boxed elementor-section-height-default elementor-section-height-default elementor-invisible\" data-id=\"89d4ef6\" data-element_type=\"section\" data-settings=\"{&quot;background_background&quot;:&quot;classic&quot;,&quot;animation&quot;:&quot;zoomIn&quot;}\">\n\t\t\t\t\t\t\t<div class=\"elementor-background-overlay\"><\/div>\n\t\t\t\t\t\t\t<div class=\"elementor-container elementor-column-gap-default\">\n\t\t\t\t\t<div class=\"elementor-column elementor-col-100 elementor-top-column elementor-element elementor-element-67b1817\" data-id=\"67b1817\" data-element_type=\"column\">\n\t\t\t<div class=\"elementor-widget-wrap elementor-element-populated\">\n\t\t\t\t\t\t<div class=\"elementor-element elementor-element-85fff8d elementor-widget elementor-widget-text-editor\" data-id=\"85fff8d\" data-element_type=\"widget\" data-widget_type=\"text-editor.default\">\n\t\t\t\t<div class=\"elementor-widget-container\">\n\t\t\t\t\t\t\t\t\t<p>DETALHES DO CICLO DE INOVA\u00c7\u00c3O\u00a0<\/p>\t\t\t\t\t\t\t\t<\/div>\n\t\t\t\t<\/div>\n\t\t\t\t<div class=\"elementor-element elementor-element-a4da1e8 elementor-widget elementor-widget-button\" data-id=\"a4da1e8\" data-element_type=\"widget\" data-widget_type=\"button.default\">\n\t\t\t\t<div class=\"elementor-widget-container\">\n\t\t\t\t\t\t\t\t\t<div class=\"elementor-button-wrapper\">\n\t\t\t\t\t<a class=\"elementor-button elementor-button-link elementor-size-lg\" href=\"#\">\n\t\t\t\t\t\t<span class=\"elementor-button-content-wrapper\">\n\t\t\t\t\t\t\t\t\t<span class=\"elementor-button-text\">R$105.000,00<\/span>\n\t\t\t\t\t<\/span>\n\t\t\t\t\t<\/a>\n\t\t\t\t<\/div>\n\t\t\t\t\t\t\t\t<\/div>\n\t\t\t\t<\/div>\n\t\t\t\t<div class=\"elementor-element elementor-element-1e1a2eb elementor-widget elementor-widget-text-editor\" data-id=\"1e1a2eb\" data-element_type=\"widget\" data-widget_type=\"text-editor.default\">\n\t\t\t\t<div class=\"elementor-widget-container\">\n\t\t\t\t\t\t\t\t\t<ul>\n<li data-stringify-indent=\"0\" data-stringify-border=\"0\">&nbsp;Aportado conforme o regulamento<\/li>\n<li data-stringify-indent=\"0\" data-stringify-border=\"0\">Propriedade Intelectual (PI) antes do projeto, continua com o propriet\u00e1rio original<\/li>\n<li data-stringify-indent=\"0\" data-stringify-border=\"0\">PI de produto desenvolvido \u00e9 da ICT\/Empresa Inovadora<\/li>\n<li data-stringify-indent=\"0\" data-stringify-border=\"0\">Acordos alternativos podem ser negociados<\/li>\n<\/ul>\t\t\t\t\t\t\t\t<\/div>\n\t\t\t\t<\/div>\n\t\t\t\t\t<\/div>\n\t\t<\/div>\n\t\t\t\t\t<\/div>\n\t\t<\/section>\n\t\t\t\t<\/div>\n\t\t","protected":false},"excerpt":{"rendered":"<p>O Porto Digital, em parceria com a ADEPE, lan\u00e7a mais uma edi\u00e7\u00e3o do Desenvolve.Ai &#8211; programa de inova\u00e7\u00e3o aberta com objetivo de identificar solu\u00e7\u00f5es de startups, empresas e centros de tecnologia e pesquisa capazes de abordar desafios de diversas empresas.\u00a0 Neste ciclo, inovamos com a Venosan, empresa produtora de fabrica\u00e7\u00e3o de meias compressivas medicinais. Conhe\u00e7a &hellip; <\/p>\n<p class=\"link-more\"><a href=\"https:\/\/desenvolve.ai\/index.php\/home\/venosan\/\" class=\"more-link\">Continue lendo<span class=\"screen-reader-text\"> &#8220;Venosan&#8221;<\/span><\/a><\/p>\n","protected":false},"author":1,"featured_media":0,"parent":13,"menu_order":0,"comment_status":"closed","ping_status":"closed","template":"elementor_header_footer","meta":{"footnotes":""},"class_list":["post-4371","page","type-page","status-publish","hentry","entry"],"_links":{"self":[{"href":"https:\/\/desenvolve.ai\/index.php\/wp-json\/wp\/v2\/pages\/4371","targetHints":{"allow":["GET"]}}],"collection":[{"href":"https:\/\/desenvolve.ai\/index.php\/wp-json\/wp\/v2\/pages"}],"about":[{"href":"https:\/\/desenvolve.ai\/index.php\/wp-json\/wp\/v2\/types\/page"}],"author":[{"embeddable":true,"href":"https:\/\/desenvolve.ai\/index.php\/wp-json\/wp\/v2\/users\/1"}],"replies":[{"embeddable":true,"href":"https:\/\/desenvolve.ai\/index.php\/wp-json\/wp\/v2\/comments?post=4371"}],"version-history":[{"count":16,"href":"https:\/\/desenvolve.ai\/index.php\/wp-json\/wp\/v2\/pages\/4371\/revisions"}],"predecessor-version":[{"id":4440,"href":"https:\/\/desenvolve.ai\/index.php\/wp-json\/wp\/v2\/pages\/4371\/revisions\/4440"}],"up":[{"embeddable":true,"href":"https:\/\/desenvolve.ai\/index.php\/wp-json\/wp\/v2\/pages\/13"}],"wp:attachment":[{"href":"https:\/\/desenvolve.ai\/index.php\/wp-json\/wp\/v2\/media?parent=4371"}],"curies":[{"name":"wp","href":"https:\/\/api.w.org\/{rel}","templated":true}]}}