{"id":4330,"date":"2024-01-12T17:28:24","date_gmt":"2024-01-12T17:28:24","guid":{"rendered":"https:\/\/desenvolve.ai\/?page_id=4330"},"modified":"2024-01-12T18:01:47","modified_gmt":"2024-01-12T18:01:47","slug":"indorama-fibras","status":"publish","type":"page","link":"https:\/\/desenvolve.ai\/index.php\/home\/indorama-fibras\/","title":{"rendered":"Indorama Fibras"},"content":{"rendered":"\t\t<div data-elementor-type=\"wp-page\" data-elementor-id=\"4330\" class=\"elementor elementor-4330\" data-elementor-post-type=\"page\">\n\t\t\t\t\t\t<section class=\"elementor-section elementor-top-section elementor-element elementor-element-1c849cc elementor-section-content-middle elementor-section-boxed elementor-section-height-default elementor-section-height-default elementor-invisible\" data-id=\"1c849cc\" data-element_type=\"section\" data-settings=\"{&quot;background_background&quot;:&quot;classic&quot;,&quot;animation&quot;:&quot;fadeInUp&quot;}\">\n\t\t\t\t\t\t\t<div class=\"elementor-background-overlay\"><\/div>\n\t\t\t\t\t\t\t<div class=\"elementor-container elementor-column-gap-default\">\n\t\t\t\t\t<div class=\"elementor-column elementor-col-50 elementor-top-column elementor-element elementor-element-a805abe elementor-invisible\" data-id=\"a805abe\" data-element_type=\"column\" data-settings=\"{&quot;animation&quot;:&quot;fadeIn&quot;}\">\n\t\t\t<div class=\"elementor-widget-wrap elementor-element-populated\">\n\t\t\t\t\t\t<div class=\"elementor-element elementor-element-84cb026 elementor-widget elementor-widget-image\" data-id=\"84cb026\" data-element_type=\"widget\" data-widget_type=\"image.default\">\n\t\t\t\t<div class=\"elementor-widget-container\">\n\t\t\t\t\t\t\t\t\t\t\t\t\t\t\t<img fetchpriority=\"high\" decoding=\"async\" width=\"640\" height=\"245\" src=\"https:\/\/desenvolve.ai\/wp-content\/uploads\/2024\/01\/indorama-fibras-1-768x293-1-768x294.png\" class=\"attachment-medium_large size-medium_large wp-image-4334\" alt=\"\" srcset=\"https:\/\/desenvolve.ai\/wp-content\/uploads\/2024\/01\/indorama-fibras-1-768x293-1-768x294.png 768w, https:\/\/desenvolve.ai\/wp-content\/uploads\/2024\/01\/indorama-fibras-1-768x293-1-300x115.png 300w, https:\/\/desenvolve.ai\/wp-content\/uploads\/2024\/01\/indorama-fibras-1-768x293-1-1024x392.png 1024w, https:\/\/desenvolve.ai\/wp-content\/uploads\/2024\/01\/indorama-fibras-1-768x293-1-1536x588.png 1536w, https:\/\/desenvolve.ai\/wp-content\/uploads\/2024\/01\/indorama-fibras-1-768x293-1-2048x784.png 2048w, https:\/\/desenvolve.ai\/wp-content\/uploads\/2024\/01\/indorama-fibras-1-768x293-1-1568x600.png 1568w\" sizes=\"(max-width: 34.9rem) calc(100vw - 2rem), (max-width: 53rem) calc(8 * (100vw \/ 12)), (min-width: 53rem) calc(6 * (100vw \/ 12)), 100vw\" \/>\t\t\t\t\t\t\t\t\t\t\t\t\t\t\t<\/div>\n\t\t\t\t<\/div>\n\t\t\t\t\t<\/div>\n\t\t<\/div>\n\t\t\t\t<div class=\"elementor-column elementor-col-50 elementor-top-column elementor-element elementor-element-fe1121a elementor-invisible\" data-id=\"fe1121a\" data-element_type=\"column\" data-settings=\"{&quot;animation&quot;:&quot;zoomIn&quot;}\">\n\t\t\t<div class=\"elementor-widget-wrap elementor-element-populated\">\n\t\t\t\t\t\t<div class=\"elementor-element elementor-element-79506e0 elementor-widget elementor-widget-text-editor\" data-id=\"79506e0\" data-element_type=\"widget\" data-widget_type=\"text-editor.default\">\n\t\t\t\t<div class=\"elementor-widget-container\">\n\t\t\t\t\t\t\t\t\t<p>O Porto Digital, em parceria com a ADEPE, lan\u00e7a mais uma edi\u00e7\u00e3o do Desenvolve.Ai &#8211; programa de inova\u00e7\u00e3o aberta com objetivo de identificar solu\u00e7\u00f5es de startups, empresas e centros de tecnologia e pesquisa capazes de abordar desafios de diversas empresas.\u00a0<\/p><p>Neste ciclo, inovamos com a Indorama Ventures Fibras, empresa l\u00edder na produ\u00e7\u00e3o de fibra de poli\u00e9ster do Brasil.<\/p>\t\t\t\t\t\t\t\t<\/div>\n\t\t\t\t<\/div>\n\t\t\t\t\t<\/div>\n\t\t<\/div>\n\t\t\t\t\t<\/div>\n\t\t<\/section>\n\t\t\t\t<section class=\"elementor-section elementor-top-section elementor-element elementor-element-ee1dc66 elementor-section-boxed elementor-section-height-default elementor-section-height-default elementor-invisible\" data-id=\"ee1dc66\" data-element_type=\"section\" data-settings=\"{&quot;background_background&quot;:&quot;classic&quot;,&quot;animation&quot;:&quot;fadeIn&quot;}\">\n\t\t\t\t\t\t<div class=\"elementor-container elementor-column-gap-default\">\n\t\t\t\t\t<div class=\"elementor-column elementor-col-100 elementor-top-column elementor-element elementor-element-cc90488\" data-id=\"cc90488\" data-element_type=\"column\">\n\t\t\t<div class=\"elementor-widget-wrap elementor-element-populated\">\n\t\t\t\t\t\t<section class=\"elementor-section elementor-inner-section elementor-element elementor-element-68f8f49 elementor-section-boxed elementor-section-height-default elementor-section-height-default\" data-id=\"68f8f49\" data-element_type=\"section\">\n\t\t\t\t\t\t<div class=\"elementor-container elementor-column-gap-default\">\n\t\t\t\t\t<div class=\"elementor-column elementor-col-100 elementor-inner-column elementor-element elementor-element-bfd03c3\" data-id=\"bfd03c3\" data-element_type=\"column\">\n\t\t\t<div class=\"elementor-widget-wrap elementor-element-populated\">\n\t\t\t\t\t\t<div class=\"elementor-element elementor-element-1c80db9 elementor-widget elementor-widget-text-editor\" data-id=\"1c80db9\" data-element_type=\"widget\" data-widget_type=\"text-editor.default\">\n\t\t\t\t<div class=\"elementor-widget-container\">\n\t\t\t\t\t\t\t\t\t<p dir=\"ltr\">Conhe\u00e7a a Solu\u00e7\u00e3o Vencedora do Desafio<\/p>\t\t\t\t\t\t\t\t<\/div>\n\t\t\t\t<\/div>\n\t\t\t\t\t<\/div>\n\t\t<\/div>\n\t\t\t\t\t<\/div>\n\t\t<\/section>\n\t\t\t\t\t<\/div>\n\t\t<\/div>\n\t\t\t\t\t<\/div>\n\t\t<\/section>\n\t\t\t\t<section class=\"elementor-section elementor-top-section elementor-element elementor-element-6aa5fc0 elementor-section-boxed elementor-section-height-default elementor-section-height-default\" data-id=\"6aa5fc0\" data-element_type=\"section\" data-settings=\"{&quot;background_background&quot;:&quot;classic&quot;}\">\n\t\t\t\t\t\t<div class=\"elementor-container elementor-column-gap-default\">\n\t\t\t\t\t<div class=\"elementor-column elementor-col-100 elementor-top-column elementor-element elementor-element-3110554\" data-id=\"3110554\" data-element_type=\"column\" data-settings=\"{&quot;background_background&quot;:&quot;classic&quot;}\">\n\t\t\t<div class=\"elementor-widget-wrap elementor-element-populated\">\n\t\t\t\t\t\t<section class=\"elementor-section elementor-inner-section elementor-element elementor-element-9c7ac38 elementor-section-boxed elementor-section-height-default elementor-section-height-default\" data-id=\"9c7ac38\" data-element_type=\"section\">\n\t\t\t\t\t\t<div class=\"elementor-container elementor-column-gap-default\">\n\t\t\t\t\t<div class=\"elementor-column elementor-col-100 elementor-inner-column elementor-element elementor-element-8270525\" data-id=\"8270525\" data-element_type=\"column\">\n\t\t\t<div class=\"elementor-widget-wrap\">\n\t\t\t\t\t\t\t<\/div>\n\t\t<\/div>\n\t\t\t\t\t<\/div>\n\t\t<\/section>\n\t\t\t\t<div class=\"elementor-element elementor-element-4106fcb elementor-widget elementor-widget-image\" data-id=\"4106fcb\" data-element_type=\"widget\" data-widget_type=\"image.default\">\n\t\t\t\t<div class=\"elementor-widget-container\">\n\t\t\t\t\t\t\t\t\t\t\t\t\t\t\t<img decoding=\"async\" src=\"https:\/\/desenvolve.ai\/wp-content\/uploads\/elementor\/thumbs\/senailogo-r0054y4ojmmadei62mwyattaeii0il1ebbmr48o6ps.png\" title=\"senailogo\" alt=\"senailogo\" loading=\"lazy\" \/>\t\t\t\t\t\t\t\t\t\t\t\t\t\t\t<\/div>\n\t\t\t\t<\/div>\n\t\t\t\t<div class=\"elementor-element elementor-element-eca6325 elementor-widget elementor-widget-text-editor\" data-id=\"eca6325\" data-element_type=\"widget\" data-widget_type=\"text-editor.default\">\n\t\t\t\t<div class=\"elementor-widget-container\">\n\t\t\t\t\t\t\t\t\t<p>Monitoramento e intelig\u00eancia para o sistema de vapor<\/p>\t\t\t\t\t\t\t\t<\/div>\n\t\t\t\t<\/div>\n\t\t\t\t<section class=\"elementor-section elementor-inner-section elementor-element elementor-element-79c703a elementor-section-boxed elementor-section-height-default elementor-section-height-default\" data-id=\"79c703a\" data-element_type=\"section\">\n\t\t\t\t\t\t<div class=\"elementor-container elementor-column-gap-default\">\n\t\t\t\t\t<div class=\"elementor-column elementor-col-100 elementor-inner-column elementor-element elementor-element-6c342bf\" data-id=\"6c342bf\" data-element_type=\"column\">\n\t\t\t<div class=\"elementor-widget-wrap elementor-element-populated\">\n\t\t\t\t\t\t<div class=\"elementor-element elementor-element-6d1082f elementor-widget elementor-widget-text-editor\" data-id=\"6d1082f\" data-element_type=\"widget\" data-widget_type=\"text-editor.default\">\n\t\t\t\t<div class=\"elementor-widget-container\">\n\t\t\t\t\t\t\t\t\t<p>A solu\u00e7\u00e3o proposta consiste em uma plataforma capaz\u00a0Monitorar o vapor na sa\u00edda das caldeiras e em se\u00e7\u00f5es do sistema de distribui\u00e7\u00e3o (principais consumidores) com confiabilidade.<\/p><p><span style=\"color: var( --e-global-color-text );\">Monitorar par\u00e2metros da caldeira: vaz\u00e3o da entrada de g\u00e1s natural e vaz\u00e3o da sa\u00edda do vapor.\u00a0<\/span><span style=\"color: var( --e-global-color-text );\">Utilizar os dados para gerar insights de otimiza\u00e7\u00e3o:\u00a0<\/span><span style=\"color: var( --e-global-color-text );\">Alertas sobre poss\u00edveis perdas na distribui\u00e7\u00e3o e condi\u00e7\u00f5es fora do padr\u00e3o (ex: se a press\u00e3o estiver diferente do esperado, sugerir que as v\u00e1lvulas X e Y devem ser verificadas).\u00a0<\/span><\/p><p><span style=\"color: var( --e-global-color-text );\">Usar l\u00f3gicas como &#8220;se a m\u00e1quina X estiver parada, reduzir o seu vapor para o m\u00ednimo necess\u00e1rio&#8221;, &#8220;se a m\u00e1quina X estiver parada por Y horas, gerar alerta ou sugerir nova press\u00e3o&#8221;.\u00a0<\/span><span style=\"color: var( --e-global-color-text );\">Melhorias de projeto: &#8220;adicionar uma v\u00e1lvula X na se\u00e7\u00e3o Y&#8221;.<\/span><\/p><div>\u00a0<\/div>\t\t\t\t\t\t\t\t<\/div>\n\t\t\t\t<\/div>\n\t\t\t\t\t<\/div>\n\t\t<\/div>\n\t\t\t\t\t<\/div>\n\t\t<\/section>\n\t\t\t\t\t<\/div>\n\t\t<\/div>\n\t\t\t\t\t<\/div>\n\t\t<\/section>\n\t\t\t\t<section class=\"elementor-section elementor-top-section elementor-element elementor-element-9ab5d06 elementor-section-boxed elementor-section-height-default elementor-section-height-default elementor-invisible\" data-id=\"9ab5d06\" data-element_type=\"section\" data-settings=\"{&quot;background_background&quot;:&quot;classic&quot;,&quot;animation&quot;:&quot;fadeIn&quot;}\">\n\t\t\t\t\t\t<div class=\"elementor-container elementor-column-gap-default\">\n\t\t\t\t\t<div class=\"elementor-column elementor-col-100 elementor-top-column elementor-element elementor-element-5213e06\" data-id=\"5213e06\" data-element_type=\"column\">\n\t\t\t<div class=\"elementor-widget-wrap\">\n\t\t\t\t\t\t\t<\/div>\n\t\t<\/div>\n\t\t\t\t\t<\/div>\n\t\t<\/section>\n\t\t\t\t<section class=\"elementor-section elementor-top-section elementor-element elementor-element-89d4ef6 animated-slow elementor-section-boxed elementor-section-height-default elementor-section-height-default elementor-invisible\" data-id=\"89d4ef6\" data-element_type=\"section\" data-settings=\"{&quot;background_background&quot;:&quot;classic&quot;,&quot;animation&quot;:&quot;zoomIn&quot;}\">\n\t\t\t\t\t\t\t<div class=\"elementor-background-overlay\"><\/div>\n\t\t\t\t\t\t\t<div class=\"elementor-container elementor-column-gap-default\">\n\t\t\t\t\t<div class=\"elementor-column elementor-col-50 elementor-top-column elementor-element elementor-element-67b1817\" data-id=\"67b1817\" data-element_type=\"column\">\n\t\t\t<div class=\"elementor-widget-wrap elementor-element-populated\">\n\t\t\t\t\t\t<div class=\"elementor-element elementor-element-85fff8d elementor-widget elementor-widget-text-editor\" data-id=\"85fff8d\" data-element_type=\"widget\" data-widget_type=\"text-editor.default\">\n\t\t\t\t<div class=\"elementor-widget-container\">\n\t\t\t\t\t\t\t\t\t<p>DETALHES DO CICLO DE INOVA\u00c7\u00c3O INDORAMA VENTURES FIBRAS<\/p>\t\t\t\t\t\t\t\t<\/div>\n\t\t\t\t<\/div>\n\t\t\t\t<div class=\"elementor-element elementor-element-a4da1e8 elementor-widget elementor-widget-button\" data-id=\"a4da1e8\" data-element_type=\"widget\" data-widget_type=\"button.default\">\n\t\t\t\t<div class=\"elementor-widget-container\">\n\t\t\t\t\t\t\t\t\t<div class=\"elementor-button-wrapper\">\n\t\t\t\t\t<a class=\"elementor-button elementor-button-link elementor-size-lg\" href=\"#\">\n\t\t\t\t\t\t<span class=\"elementor-button-content-wrapper\">\n\t\t\t\t\t\t\t\t\t<span class=\"elementor-button-text\">R$650.000,00<\/span>\n\t\t\t\t\t<\/span>\n\t\t\t\t\t<\/a>\n\t\t\t\t<\/div>\n\t\t\t\t\t\t\t\t<\/div>\n\t\t\t\t<\/div>\n\t\t\t\t<div class=\"elementor-element elementor-element-1e1a2eb elementor-widget elementor-widget-text-editor\" data-id=\"1e1a2eb\" data-element_type=\"widget\" data-widget_type=\"text-editor.default\">\n\t\t\t\t<div class=\"elementor-widget-container\">\n\t\t\t\t\t\t\t\t\t<ul><li data-stringify-indent=\"0\" data-stringify-border=\"0\">\u00a0A ser aportado conforme regulamento<\/li><li data-stringify-indent=\"0\" data-stringify-border=\"0\">Propriedade Intelectual (PI) antes do projeto, continua com o propriet\u00e1rio original<\/li><li data-stringify-indent=\"0\" data-stringify-border=\"0\">PI de produto desenvolvido \u00e9 da ICT\/Empresa Inovadora<\/li><li data-stringify-indent=\"0\" data-stringify-border=\"0\">Acordos alternativos podem ser negociados<\/li><\/ul>\t\t\t\t\t\t\t\t<\/div>\n\t\t\t\t<\/div>\n\t\t\t\t\t<\/div>\n\t\t<\/div>\n\t\t\t\t<div class=\"elementor-column elementor-col-50 elementor-top-column elementor-element elementor-element-0c54539\" data-id=\"0c54539\" data-element_type=\"column\">\n\t\t\t<div class=\"elementor-widget-wrap elementor-element-populated\">\n\t\t\t\t\t\t<div class=\"elementor-element elementor-element-4182945 elementor-align-center elementor-widget elementor-widget-button\" data-id=\"4182945\" data-element_type=\"widget\" data-widget_type=\"button.default\">\n\t\t\t\t<div class=\"elementor-widget-container\">\n\t\t\t\t\t\t\t\t\t<div class=\"elementor-button-wrapper\">\n\t\t\t\t\t<a class=\"elementor-button elementor-button-link elementor-size-xl elementor-animation-grow\" href=\"https:\/\/desenvolve.ai\/wp-content\/uploads\/2024\/01\/Briefing-Desenvolve.ai-2.0-Indorama-Fibras.pdf\" target=\"_blank\">\n\t\t\t\t\t\t<span class=\"elementor-button-content-wrapper\">\n\t\t\t\t\t\t\t\t\t<span class=\"elementor-button-text\">BRIEFING DA CHAMADA<\/span>\n\t\t\t\t\t<\/span>\n\t\t\t\t\t<\/a>\n\t\t\t\t<\/div>\n\t\t\t\t\t\t\t\t<\/div>\n\t\t\t\t<\/div>\n\t\t\t\t\t<\/div>\n\t\t<\/div>\n\t\t\t\t\t<\/div>\n\t\t<\/section>\n\t\t\t\t<\/div>\n\t\t","protected":false},"excerpt":{"rendered":"<p>O Porto Digital, em parceria com a ADEPE, lan\u00e7a mais uma edi\u00e7\u00e3o do Desenvolve.Ai &#8211; programa de inova\u00e7\u00e3o aberta com objetivo de identificar solu\u00e7\u00f5es de startups, empresas e centros de tecnologia e pesquisa capazes de abordar desafios de diversas empresas.\u00a0 Neste ciclo, inovamos com a Indorama Ventures Fibras, empresa l\u00edder na produ\u00e7\u00e3o de fibra de &hellip; <\/p>\n<p class=\"link-more\"><a href=\"https:\/\/desenvolve.ai\/index.php\/home\/indorama-fibras\/\" class=\"more-link\">Continue lendo<span class=\"screen-reader-text\"> &#8220;Indorama Fibras&#8221;<\/span><\/a><\/p>\n","protected":false},"author":1,"featured_media":0,"parent":13,"menu_order":0,"comment_status":"closed","ping_status":"closed","template":"elementor_header_footer","meta":{"footnotes":""},"class_list":["post-4330","page","type-page","status-publish","hentry","entry"],"_links":{"self":[{"href":"https:\/\/desenvolve.ai\/index.php\/wp-json\/wp\/v2\/pages\/4330","targetHints":{"allow":["GET"]}}],"collection":[{"href":"https:\/\/desenvolve.ai\/index.php\/wp-json\/wp\/v2\/pages"}],"about":[{"href":"https:\/\/desenvolve.ai\/index.php\/wp-json\/wp\/v2\/types\/page"}],"author":[{"embeddable":true,"href":"https:\/\/desenvolve.ai\/index.php\/wp-json\/wp\/v2\/users\/1"}],"replies":[{"embeddable":true,"href":"https:\/\/desenvolve.ai\/index.php\/wp-json\/wp\/v2\/comments?post=4330"}],"version-history":[{"count":7,"href":"https:\/\/desenvolve.ai\/index.php\/wp-json\/wp\/v2\/pages\/4330\/revisions"}],"predecessor-version":[{"id":4344,"href":"https:\/\/desenvolve.ai\/index.php\/wp-json\/wp\/v2\/pages\/4330\/revisions\/4344"}],"up":[{"embeddable":true,"href":"https:\/\/desenvolve.ai\/index.php\/wp-json\/wp\/v2\/pages\/13"}],"wp:attachment":[{"href":"https:\/\/desenvolve.ai\/index.php\/wp-json\/wp\/v2\/media?parent=4330"}],"curies":[{"name":"wp","href":"https:\/\/api.w.org\/{rel}","templated":true}]}}