{"id":422,"date":"2021-07-07T21:53:17","date_gmt":"2021-07-07T21:53:17","guid":{"rendered":"https:\/\/teste.desenvolve.ai\/?page_id=422"},"modified":"2022-04-25T13:58:08","modified_gmt":"2022-04-25T13:58:08","slug":"gerdau","status":"publish","type":"page","link":"https:\/\/desenvolve.ai\/index.php\/gerdau\/","title":{"rendered":"Gerdau"},"content":{"rendered":"\t\t<div data-elementor-type=\"wp-page\" data-elementor-id=\"422\" class=\"elementor elementor-422\" data-elementor-post-type=\"page\">\n\t\t\t\t\t\t<section class=\"elementor-section elementor-top-section elementor-element elementor-element-aaccf86 elementor-section-boxed elementor-section-height-default elementor-section-height-default\" data-id=\"aaccf86\" data-element_type=\"section\" data-settings=\"{&quot;background_background&quot;:&quot;classic&quot;,&quot;background_motion_fx_motion_fx_scrolling&quot;:&quot;yes&quot;,&quot;background_motion_fx_translateY_effect&quot;:&quot;yes&quot;,&quot;background_motion_fx_translateY_speed&quot;:{&quot;unit&quot;:&quot;px&quot;,&quot;size&quot;:7.1,&quot;sizes&quot;:[]},&quot;background_motion_fx_translateY_affectedRange&quot;:{&quot;unit&quot;:&quot;%&quot;,&quot;size&quot;:&quot;&quot;,&quot;sizes&quot;:{&quot;start&quot;:0,&quot;end&quot;:100}},&quot;background_motion_fx_devices&quot;:[&quot;desktop&quot;,&quot;tablet&quot;,&quot;mobile&quot;]}\">\n\t\t\t\t\t\t\t<div class=\"elementor-background-overlay\"><\/div>\n\t\t\t\t\t\t\t<div class=\"elementor-container elementor-column-gap-default\">\n\t\t\t\t\t<div class=\"elementor-column elementor-col-100 elementor-top-column elementor-element elementor-element-f157529\" data-id=\"f157529\" data-element_type=\"column\">\n\t\t\t<div class=\"elementor-widget-wrap elementor-element-populated\">\n\t\t\t\t\t\t<div class=\"elementor-element elementor-element-af47450 elementor-widget elementor-widget-text-editor\" data-id=\"af47450\" data-element_type=\"widget\" data-widget_type=\"text-editor.default\">\n\t\t\t\t<div class=\"elementor-widget-container\">\n\t\t\t\t\t\t\t\t\t<p><span style=\"color: #ffffff; font-family: -apple-system, BlinkMacSystemFont, 'Segoe UI', Roboto, Oxygen, Ubuntu, Cantarell, 'Fira Sans', 'Droid Sans', 'Helvetica Neue', sans-serif; font-size: 2.25em; font-weight: bold; letter-spacing: -0.02em;\">CONHE\u00c7A AS SOLU\u00c7\u00d5ES VENCEDORAS DO DESAFIO!<\/span><\/p>\t\t\t\t\t\t\t\t<\/div>\n\t\t\t\t<\/div>\n\t\t\t\t\t<\/div>\n\t\t<\/div>\n\t\t\t\t\t<\/div>\n\t\t<\/section>\n\t\t\t\t<section class=\"elementor-section elementor-top-section elementor-element elementor-element-4433043 elementor-section-boxed elementor-section-height-default elementor-section-height-default\" data-id=\"4433043\" data-element_type=\"section\">\n\t\t\t\t\t\t<div class=\"elementor-container elementor-column-gap-default\">\n\t\t\t\t\t<div class=\"elementor-column elementor-col-50 elementor-top-column elementor-element elementor-element-381be74\" data-id=\"381be74\" data-element_type=\"column\">\n\t\t\t<div class=\"elementor-widget-wrap elementor-element-populated\">\n\t\t\t\t\t\t<div class=\"elementor-element elementor-element-8578d9f elementor-widget elementor-widget-image\" data-id=\"8578d9f\" data-element_type=\"widget\" data-widget_type=\"image.default\">\n\t\t\t\t<div class=\"elementor-widget-container\">\n\t\t\t\t\t\t\t\t\t\t\t\t\t\t\t<img fetchpriority=\"high\" decoding=\"async\" width=\"372\" height=\"200\" src=\"https:\/\/desenvolve.ai\/wp-content\/uploads\/2021\/07\/gerdau-logo1.png\" class=\"attachment-medium_large size-medium_large wp-image-110\" alt=\"\" srcset=\"https:\/\/desenvolve.ai\/wp-content\/uploads\/2021\/07\/gerdau-logo1.png 372w, https:\/\/desenvolve.ai\/wp-content\/uploads\/2021\/07\/gerdau-logo1-300x161.png 300w\" sizes=\"(max-width: 34.9rem) calc(100vw - 2rem), (max-width: 53rem) calc(8 * (100vw \/ 12)), (min-width: 53rem) calc(6 * (100vw \/ 12)), 100vw\" \/>\t\t\t\t\t\t\t\t\t\t\t\t\t\t\t<\/div>\n\t\t\t\t<\/div>\n\t\t\t\t\t<\/div>\n\t\t<\/div>\n\t\t\t\t<div class=\"elementor-column elementor-col-50 elementor-top-column elementor-element elementor-element-b49bec1\" data-id=\"b49bec1\" data-element_type=\"column\">\n\t\t\t<div class=\"elementor-widget-wrap elementor-element-populated\">\n\t\t\t\t\t\t<div class=\"elementor-element elementor-element-8137576 elementor-widget elementor-widget-text-editor\" data-id=\"8137576\" data-element_type=\"widget\" data-widget_type=\"text-editor.default\">\n\t\t\t\t<div class=\"elementor-widget-container\">\n\t\t\t\t\t\t\t\t\t<p><span style=\"font-size: 26px;\">Com a finaliza\u00e7\u00e3o do processo de sele\u00e7\u00e3o para o Ciclo da Gerdau, as institui\u00e7\u00f5es selecionadas entrar\u00e3o no processo de negocia\u00e7\u00e3o para contrata\u00e7\u00e3o.<\/span><\/p>\t\t\t\t\t\t\t\t<\/div>\n\t\t\t\t<\/div>\n\t\t\t\t\t<\/div>\n\t\t<\/div>\n\t\t\t\t\t<\/div>\n\t\t<\/section>\n\t\t\t\t<section class=\"elementor-section elementor-top-section elementor-element elementor-element-222f324 elementor-section-boxed elementor-section-height-default elementor-section-height-default\" data-id=\"222f324\" data-element_type=\"section\" data-settings=\"{&quot;background_background&quot;:&quot;classic&quot;}\">\n\t\t\t\t\t\t<div class=\"elementor-container elementor-column-gap-default\">\n\t\t\t\t\t<div class=\"elementor-column elementor-col-100 elementor-top-column elementor-element elementor-element-c2cbafb\" data-id=\"c2cbafb\" data-element_type=\"column\">\n\t\t\t<div class=\"elementor-widget-wrap elementor-element-populated\">\n\t\t\t\t\t\t<div class=\"elementor-element elementor-element-323bc5a elementor-widget elementor-widget-text-editor\" data-id=\"323bc5a\" data-element_type=\"widget\" data-widget_type=\"text-editor.default\">\n\t\t\t\t<div class=\"elementor-widget-container\">\n\t\t\t\t\t\t\t\t\t<p dir=\"ltr\">PROJETOS A SEREM CONTRATADOS<\/p>\t\t\t\t\t\t\t\t<\/div>\n\t\t\t\t<\/div>\n\t\t\t\t\t<\/div>\n\t\t<\/div>\n\t\t\t\t\t<\/div>\n\t\t<\/section>\n\t\t\t\t<section class=\"elementor-section elementor-top-section elementor-element elementor-element-85a5774 elementor-section-boxed elementor-section-height-default elementor-section-height-default\" data-id=\"85a5774\" data-element_type=\"section\" data-settings=\"{&quot;background_background&quot;:&quot;classic&quot;}\">\n\t\t\t\t\t\t<div class=\"elementor-container elementor-column-gap-default\">\n\t\t\t\t\t<div class=\"elementor-column elementor-col-50 elementor-top-column elementor-element elementor-element-fb6b0a2\" data-id=\"fb6b0a2\" data-element_type=\"column\" data-settings=\"{&quot;background_background&quot;:&quot;classic&quot;}\">\n\t\t\t<div class=\"elementor-widget-wrap elementor-element-populated\">\n\t\t\t\t\t\t<div class=\"elementor-element elementor-element-fb730b0 elementor-widget elementor-widget-image\" data-id=\"fb730b0\" data-element_type=\"widget\" data-widget_type=\"image.default\">\n\t\t\t\t<div class=\"elementor-widget-container\">\n\t\t\t\t\t\t\t\t\t\t\t\t\t\t\t<img decoding=\"async\" width=\"317\" height=\"314\" src=\"https:\/\/desenvolve.ai\/wp-content\/uploads\/2021\/09\/fitec_hedro.png\" class=\"attachment-large size-large wp-image-1453\" alt=\"\" srcset=\"https:\/\/desenvolve.ai\/wp-content\/uploads\/2021\/09\/fitec_hedro.png 317w, https:\/\/desenvolve.ai\/wp-content\/uploads\/2021\/09\/fitec_hedro-300x297.png 300w, https:\/\/desenvolve.ai\/wp-content\/uploads\/2021\/09\/fitec_hedro-150x150.png 150w\" sizes=\"(max-width: 34.9rem) calc(100vw - 2rem), (max-width: 53rem) calc(8 * (100vw \/ 12)), (min-width: 53rem) calc(6 * (100vw \/ 12)), 100vw\" \/>\t\t\t\t\t\t\t\t\t\t\t\t\t\t\t<\/div>\n\t\t\t\t<\/div>\n\t\t\t\t<div class=\"elementor-element elementor-element-40dfc25 elementor-widget elementor-widget-text-editor\" data-id=\"40dfc25\" data-element_type=\"widget\" data-widget_type=\"text-editor.default\">\n\t\t\t\t<div class=\"elementor-widget-container\">\n\t\t\t\t\t\t\t\t\t<h2 dir=\"ltr\">Sistema para monitoramento de dist\u00e2ncia entre eixos<\/h2>\t\t\t\t\t\t\t\t<\/div>\n\t\t\t\t<\/div>\n\t\t\t\t<div class=\"elementor-element elementor-element-9cae5f9 elementor-widget elementor-widget-text-editor\" data-id=\"9cae5f9\" data-element_type=\"widget\" data-widget_type=\"text-editor.default\">\n\t\t\t\t<div class=\"elementor-widget-container\">\n\t\t\t\t\t\t\t\t\t<p dir=\"ltr\">Desenvolvimento de um sensor sem fio para medi\u00e7\u00e3o da dist\u00e2ncia entre os eixos do rolos de lamina\u00e7\u00e3o durante o processo. Junto com o sensor, ser\u00e1 desenvolvido uma aplica\u00e7\u00e3o para possibilitar a instala\u00e7\u00e3o e parametriza\u00e7\u00e3o simplificada dos sensores nas gaiolas.<\/p>\t\t\t\t\t\t\t\t<\/div>\n\t\t\t\t<\/div>\n\t\t\t\t\t<\/div>\n\t\t<\/div>\n\t\t\t\t<div class=\"elementor-column elementor-col-50 elementor-top-column elementor-element elementor-element-9659eb2\" data-id=\"9659eb2\" data-element_type=\"column\" data-settings=\"{&quot;background_background&quot;:&quot;classic&quot;}\">\n\t\t\t<div class=\"elementor-widget-wrap elementor-element-populated\">\n\t\t\t\t\t\t<div class=\"elementor-element elementor-element-d8992b6 elementor-widget elementor-widget-image\" data-id=\"d8992b6\" data-element_type=\"widget\" data-widget_type=\"image.default\">\n\t\t\t\t<div class=\"elementor-widget-container\">\n\t\t\t\t\t\t\t\t\t\t\t\t\t\t\t<img decoding=\"async\" width=\"317\" height=\"314\" src=\"https:\/\/desenvolve.ai\/wp-content\/uploads\/2021\/09\/UPE_UBIVIS.png\" class=\"attachment-large size-large wp-image-1454\" alt=\"\" srcset=\"https:\/\/desenvolve.ai\/wp-content\/uploads\/2021\/09\/UPE_UBIVIS.png 317w, https:\/\/desenvolve.ai\/wp-content\/uploads\/2021\/09\/UPE_UBIVIS-300x297.png 300w, https:\/\/desenvolve.ai\/wp-content\/uploads\/2021\/09\/UPE_UBIVIS-150x150.png 150w\" sizes=\"(max-width: 34.9rem) calc(100vw - 2rem), (max-width: 53rem) calc(8 * (100vw \/ 12)), (min-width: 53rem) calc(6 * (100vw \/ 12)), 100vw\" \/>\t\t\t\t\t\t\t\t\t\t\t\t\t\t\t<\/div>\n\t\t\t\t<\/div>\n\t\t\t\t<div class=\"elementor-element elementor-element-fabd09f elementor-widget elementor-widget-text-editor\" data-id=\"fabd09f\" data-element_type=\"widget\" data-widget_type=\"text-editor.default\">\n\t\t\t\t<div class=\"elementor-widget-container\">\n\t\t\t\t\t\t\t\t\t<h2 dir=\"ltr\">Sincroniza\u00e7\u00e3o inteligente dos ciclos da aciaria<\/h2>\t\t\t\t\t\t\t\t<\/div>\n\t\t\t\t<\/div>\n\t\t\t\t<div class=\"elementor-element elementor-element-9b2910f elementor-widget elementor-widget-text-editor\" data-id=\"9b2910f\" data-element_type=\"widget\" data-widget_type=\"text-editor.default\">\n\t\t\t\t<div class=\"elementor-widget-container\">\n\t\t\t\t\t\t\t\t\t<p dir=\"ltr\">Integra\u00e7\u00e3o de dados e prescri\u00e7\u00e3o de par\u00e2metros para tomada de decis\u00f5es atrav\u00e9s de dados do processo de aciaria, levando em considera\u00e7\u00e3o os 4 processos de forma s\u00edncrona e em tempo real, com o objetivo de otimizar a produtividade global atrav\u00e9s da instala\u00e7\u00e3o de digital twin e consolida\u00e7\u00e3o de um banco de dados industrial, fornecendo ferramentas de BI e SCADA para acompanhamento do gerenciamento da produ\u00e7\u00e3o.<\/p>\t\t\t\t\t\t\t\t<\/div>\n\t\t\t\t<\/div>\n\t\t\t\t\t<\/div>\n\t\t<\/div>\n\t\t\t\t\t<\/div>\n\t\t<\/section>\n\t\t\t\t<section class=\"elementor-section elementor-top-section elementor-element elementor-element-2c6dfbd elementor-section-boxed elementor-section-height-default elementor-section-height-default\" data-id=\"2c6dfbd\" data-element_type=\"section\" data-settings=\"{&quot;background_background&quot;:&quot;classic&quot;}\">\n\t\t\t\t\t\t<div class=\"elementor-container elementor-column-gap-default\">\n\t\t\t\t\t<div class=\"elementor-column elementor-col-50 elementor-top-column elementor-element elementor-element-de09fea\" data-id=\"de09fea\" data-element_type=\"column\">\n\t\t\t<div class=\"elementor-widget-wrap elementor-element-populated\">\n\t\t\t\t\t\t<div class=\"elementor-element elementor-element-df45fe5 elementor-widget elementor-widget-text-editor\" data-id=\"df45fe5\" data-element_type=\"widget\" data-widget_type=\"text-editor.default\">\n\t\t\t\t<div class=\"elementor-widget-container\">\n\t\t\t\t\t\t\t\t\t<p>DETALHES DO CICLO GERDAU<\/p>\t\t\t\t\t\t\t\t<\/div>\n\t\t\t\t<\/div>\n\t\t\t\t<div class=\"elementor-element elementor-element-1505256 elementor-widget elementor-widget-button\" data-id=\"1505256\" data-element_type=\"widget\" data-widget_type=\"button.default\">\n\t\t\t\t<div class=\"elementor-widget-container\">\n\t\t\t\t\t\t\t\t\t<div class=\"elementor-button-wrapper\">\n\t\t\t\t\t<a class=\"elementor-button elementor-button-link elementor-size-lg\" href=\"#\">\n\t\t\t\t\t\t<span class=\"elementor-button-content-wrapper\">\n\t\t\t\t\t\t\t\t\t<span class=\"elementor-button-text\">R$1.200.000,00<\/span>\n\t\t\t\t\t<\/span>\n\t\t\t\t\t<\/a>\n\t\t\t\t<\/div>\n\t\t\t\t\t\t\t\t<\/div>\n\t\t\t\t<\/div>\n\t\t\t\t<section class=\"elementor-section elementor-inner-section elementor-element elementor-element-4e84609 elementor-section-boxed elementor-section-height-default elementor-section-height-default\" data-id=\"4e84609\" data-element_type=\"section\">\n\t\t\t\t\t\t<div class=\"elementor-container elementor-column-gap-default\">\n\t\t\t\t\t<div class=\"elementor-column elementor-col-100 elementor-inner-column elementor-element elementor-element-3fb9755\" data-id=\"3fb9755\" data-element_type=\"column\">\n\t\t\t<div class=\"elementor-widget-wrap elementor-element-populated\">\n\t\t\t\t\t\t<div class=\"elementor-element elementor-element-07f3d4e elementor-widget elementor-widget-text-editor\" data-id=\"07f3d4e\" data-element_type=\"widget\" data-widget_type=\"text-editor.default\">\n\t\t\t\t<div class=\"elementor-widget-container\">\n\t\t\t\t\t\t\t\t\t<ul><li>A ser aportado conforme regulamento<\/li><li>Propriedade Intelectual (PI) antes do projeto, continua com o propriet\u00e1rio original<\/li><li>PI de produto desenvolvido \u00e9 da ICT\/Empresa Inovadora<\/li><li>Acordos alternativos podem ser negociados<\/li><\/ul>\t\t\t\t\t\t\t\t<\/div>\n\t\t\t\t<\/div>\n\t\t\t\t\t<\/div>\n\t\t<\/div>\n\t\t\t\t\t<\/div>\n\t\t<\/section>\n\t\t\t\t\t<\/div>\n\t\t<\/div>\n\t\t\t\t<div class=\"elementor-column elementor-col-50 elementor-top-column elementor-element elementor-element-6f5378a\" data-id=\"6f5378a\" data-element_type=\"column\">\n\t\t\t<div class=\"elementor-widget-wrap elementor-element-populated\">\n\t\t\t\t\t\t<div class=\"elementor-element elementor-element-a2b0499 elementor-align-center elementor-widget elementor-widget-button\" data-id=\"a2b0499\" data-element_type=\"widget\" data-widget_type=\"button.default\">\n\t\t\t\t<div class=\"elementor-widget-container\">\n\t\t\t\t\t\t\t\t\t<div class=\"elementor-button-wrapper\">\n\t\t\t\t\t<a class=\"elementor-button elementor-button-link elementor-size-xl\" href=\"https:\/\/drive.google.com\/file\/d\/199RV2YePeCWXM4OS_tzicjNC35mCKP5o\/view?usp=sharing\">\n\t\t\t\t\t\t<span class=\"elementor-button-content-wrapper\">\n\t\t\t\t\t\t\t\t\t<span class=\"elementor-button-text\">BRIEFING DA CHAMADA<\/span>\n\t\t\t\t\t<\/span>\n\t\t\t\t\t<\/a>\n\t\t\t\t<\/div>\n\t\t\t\t\t\t\t\t<\/div>\n\t\t\t\t<\/div>\n\t\t\t\t\t<\/div>\n\t\t<\/div>\n\t\t\t\t\t<\/div>\n\t\t<\/section>\n\t\t\t\t<\/div>\n\t\t","protected":false},"excerpt":{"rendered":"<p>CONHE\u00c7A AS SOLU\u00c7\u00d5ES VENCEDORAS DO DESAFIO! Com a finaliza\u00e7\u00e3o do processo de sele\u00e7\u00e3o para o Ciclo da Gerdau, as institui\u00e7\u00f5es selecionadas entrar\u00e3o no processo de negocia\u00e7\u00e3o para contrata\u00e7\u00e3o. PROJETOS A SEREM CONTRATADOS Sistema para monitoramento de dist\u00e2ncia entre eixos Desenvolvimento de um sensor sem fio para medi\u00e7\u00e3o da dist\u00e2ncia entre os eixos do rolos de &hellip; <\/p>\n<p class=\"link-more\"><a href=\"https:\/\/desenvolve.ai\/index.php\/gerdau\/\" class=\"more-link\">Continue lendo<span class=\"screen-reader-text\"> &#8220;Gerdau&#8221;<\/span><\/a><\/p>\n","protected":false},"author":1,"featured_media":0,"parent":0,"menu_order":0,"comment_status":"closed","ping_status":"closed","template":"elementor_header_footer","meta":{"footnotes":""},"class_list":["post-422","page","type-page","status-publish","hentry","entry"],"_links":{"self":[{"href":"https:\/\/desenvolve.ai\/index.php\/wp-json\/wp\/v2\/pages\/422","targetHints":{"allow":["GET"]}}],"collection":[{"href":"https:\/\/desenvolve.ai\/index.php\/wp-json\/wp\/v2\/pages"}],"about":[{"href":"https:\/\/desenvolve.ai\/index.php\/wp-json\/wp\/v2\/types\/page"}],"author":[{"embeddable":true,"href":"https:\/\/desenvolve.ai\/index.php\/wp-json\/wp\/v2\/users\/1"}],"replies":[{"embeddable":true,"href":"https:\/\/desenvolve.ai\/index.php\/wp-json\/wp\/v2\/comments?post=422"}],"version-history":[{"count":114,"href":"https:\/\/desenvolve.ai\/index.php\/wp-json\/wp\/v2\/pages\/422\/revisions"}],"predecessor-version":[{"id":2116,"href":"https:\/\/desenvolve.ai\/index.php\/wp-json\/wp\/v2\/pages\/422\/revisions\/2116"}],"wp:attachment":[{"href":"https:\/\/desenvolve.ai\/index.php\/wp-json\/wp\/v2\/media?parent=422"}],"curies":[{"name":"wp","href":"https:\/\/api.w.org\/{rel}","templated":true}]}}