{"id":2808,"date":"2022-09-26T21:15:15","date_gmt":"2022-09-26T21:15:15","guid":{"rendered":"https:\/\/desenvolve.ai\/?page_id=2808"},"modified":"2023-02-07T18:13:01","modified_gmt":"2023-02-07T18:13:01","slug":"natto","status":"publish","type":"page","link":"https:\/\/desenvolve.ai\/index.php\/home\/natto\/","title":{"rendered":"Natto"},"content":{"rendered":"\t\t<div data-elementor-type=\"wp-page\" data-elementor-id=\"2808\" class=\"elementor elementor-2808\" data-elementor-post-type=\"page\">\n\t\t\t\t\t\t<section class=\"elementor-section elementor-top-section elementor-element elementor-element-1c849cc elementor-section-content-middle elementor-section-boxed elementor-section-height-default elementor-section-height-default elementor-invisible\" data-id=\"1c849cc\" data-element_type=\"section\" data-settings=\"{&quot;background_background&quot;:&quot;classic&quot;,&quot;animation&quot;:&quot;fadeInUp&quot;}\">\n\t\t\t\t\t\t\t<div class=\"elementor-background-overlay\"><\/div>\n\t\t\t\t\t\t\t<div class=\"elementor-container elementor-column-gap-default\">\n\t\t\t\t\t<div class=\"elementor-column elementor-col-50 elementor-top-column elementor-element elementor-element-a805abe elementor-invisible\" data-id=\"a805abe\" data-element_type=\"column\" data-settings=\"{&quot;animation&quot;:&quot;fadeIn&quot;}\">\n\t\t\t<div class=\"elementor-widget-wrap elementor-element-populated\">\n\t\t\t\t\t\t<div class=\"elementor-element elementor-element-84cb026 elementor-widget elementor-widget-image\" data-id=\"84cb026\" data-element_type=\"widget\" data-widget_type=\"image.default\">\n\t\t\t\t<div class=\"elementor-widget-container\">\n\t\t\t\t\t\t\t\t\t\t\t\t\t\t\t<img fetchpriority=\"high\" decoding=\"async\" width=\"567\" height=\"309\" src=\"https:\/\/desenvolve.ai\/wp-content\/uploads\/2022\/09\/cropped-Natto.png\" class=\"attachment-medium_large size-medium_large wp-image-2818\" alt=\"\" srcset=\"https:\/\/desenvolve.ai\/wp-content\/uploads\/2022\/09\/cropped-Natto.png 567w, https:\/\/desenvolve.ai\/wp-content\/uploads\/2022\/09\/cropped-Natto-300x163.png 300w\" sizes=\"(max-width: 34.9rem) calc(100vw - 2rem), (max-width: 53rem) calc(8 * (100vw \/ 12)), (min-width: 53rem) calc(6 * (100vw \/ 12)), 100vw\" \/>\t\t\t\t\t\t\t\t\t\t\t\t\t\t\t<\/div>\n\t\t\t\t<\/div>\n\t\t\t\t\t<\/div>\n\t\t<\/div>\n\t\t\t\t<div class=\"elementor-column elementor-col-50 elementor-top-column elementor-element elementor-element-fe1121a elementor-invisible\" data-id=\"fe1121a\" data-element_type=\"column\" data-settings=\"{&quot;animation&quot;:&quot;zoomIn&quot;}\">\n\t\t\t<div class=\"elementor-widget-wrap elementor-element-populated\">\n\t\t\t\t\t\t<div class=\"elementor-element elementor-element-79506e0 elementor-widget elementor-widget-text-editor\" data-id=\"79506e0\" data-element_type=\"widget\" data-widget_type=\"text-editor.default\">\n\t\t\t\t<div class=\"elementor-widget-container\">\n\t\t\t\t\t\t\t\t\t<p>O Porto Digital, em parceria com a ADEPE, lan\u00e7a mais uma edi\u00e7\u00e3o do Desenvolve.Ai &#8211; programa de inova\u00e7\u00e3o aberta com objetivo de identificar solu\u00e7\u00f5es de startups, empresas e centros de tecnologia e pesquisa capazes de abordar desafios de diversas empresas.\u00a0<\/p><p>Neste ciclo, estamos inovando com a Natto, produtora de alimentos \u00e0 base de frango, h\u00e1 20 anos presente na sua mesa.<\/p>\t\t\t\t\t\t\t\t<\/div>\n\t\t\t\t<\/div>\n\t\t\t\t\t<\/div>\n\t\t<\/div>\n\t\t\t\t\t<\/div>\n\t\t<\/section>\n\t\t\t\t<section class=\"elementor-section elementor-top-section elementor-element elementor-element-9ab5d06 elementor-section-boxed elementor-section-height-default elementor-section-height-default elementor-invisible\" data-id=\"9ab5d06\" data-element_type=\"section\" data-settings=\"{&quot;background_background&quot;:&quot;classic&quot;,&quot;animation&quot;:&quot;fadeIn&quot;}\">\n\t\t\t\t\t\t<div class=\"elementor-container elementor-column-gap-default\">\n\t\t\t\t\t<div class=\"elementor-column elementor-col-100 elementor-top-column elementor-element elementor-element-5213e06\" data-id=\"5213e06\" data-element_type=\"column\">\n\t\t\t<div class=\"elementor-widget-wrap\">\n\t\t\t\t\t\t\t<\/div>\n\t\t<\/div>\n\t\t\t\t\t<\/div>\n\t\t<\/section>\n\t\t\t\t<section class=\"elementor-section elementor-top-section elementor-element elementor-element-89d4ef6 animated-slow elementor-section-boxed elementor-section-height-default elementor-section-height-default elementor-invisible\" data-id=\"89d4ef6\" data-element_type=\"section\" data-settings=\"{&quot;background_background&quot;:&quot;classic&quot;,&quot;animation&quot;:&quot;zoomIn&quot;}\">\n\t\t\t\t\t\t\t<div class=\"elementor-background-overlay\"><\/div>\n\t\t\t\t\t\t\t<div class=\"elementor-container elementor-column-gap-default\">\n\t\t\t\t\t<div class=\"elementor-column elementor-col-50 elementor-top-column elementor-element elementor-element-67b1817\" data-id=\"67b1817\" data-element_type=\"column\">\n\t\t\t<div class=\"elementor-widget-wrap elementor-element-populated\">\n\t\t\t\t\t\t<div class=\"elementor-element elementor-element-85fff8d elementor-widget elementor-widget-text-editor\" data-id=\"85fff8d\" data-element_type=\"widget\" data-widget_type=\"text-editor.default\">\n\t\t\t\t<div class=\"elementor-widget-container\">\n\t\t\t\t\t\t\t\t\t<p>DETALHES DO CICLO DE INOVA\u00c7\u00c3O NATTO<\/p>\t\t\t\t\t\t\t\t<\/div>\n\t\t\t\t<\/div>\n\t\t\t\t<div class=\"elementor-element elementor-element-a4da1e8 elementor-widget elementor-widget-button\" data-id=\"a4da1e8\" data-element_type=\"widget\" data-widget_type=\"button.default\">\n\t\t\t\t<div class=\"elementor-widget-container\">\n\t\t\t\t\t\t\t\t\t<div class=\"elementor-button-wrapper\">\n\t\t\t\t\t<a class=\"elementor-button elementor-button-link elementor-size-lg\" href=\"#\">\n\t\t\t\t\t\t<span class=\"elementor-button-content-wrapper\">\n\t\t\t\t\t\t\t\t\t<span class=\"elementor-button-text\">R$ 300.000,00<\/span>\n\t\t\t\t\t<\/span>\n\t\t\t\t\t<\/a>\n\t\t\t\t<\/div>\n\t\t\t\t\t\t\t\t<\/div>\n\t\t\t\t<\/div>\n\t\t\t\t<div class=\"elementor-element elementor-element-1e1a2eb elementor-widget elementor-widget-text-editor\" data-id=\"1e1a2eb\" data-element_type=\"widget\" data-widget_type=\"text-editor.default\">\n\t\t\t\t<div class=\"elementor-widget-container\">\n\t\t\t\t\t\t\t\t\t<ul><li data-stringify-indent=\"0\" data-stringify-border=\"0\">\u00a0A ser aportado conforme regulamento<\/li><li data-stringify-indent=\"0\" data-stringify-border=\"0\">Propriedade Intelectual (PI) antes do projeto, continua com o propriet\u00e1rio original<\/li><li data-stringify-indent=\"0\" data-stringify-border=\"0\">PI de produto desenvolvido \u00e9 da ICT\/Empresa Inovadora<\/li><li data-stringify-indent=\"0\" data-stringify-border=\"0\">Acordos alternativos podem ser negociados<\/li><\/ul>\t\t\t\t\t\t\t\t<\/div>\n\t\t\t\t<\/div>\n\t\t\t\t\t<\/div>\n\t\t<\/div>\n\t\t\t\t<div class=\"elementor-column elementor-col-50 elementor-top-column elementor-element elementor-element-0c54539\" data-id=\"0c54539\" data-element_type=\"column\">\n\t\t\t<div class=\"elementor-widget-wrap elementor-element-populated\">\n\t\t\t\t\t\t<div class=\"elementor-element elementor-element-4182945 elementor-align-center elementor-widget elementor-widget-button\" data-id=\"4182945\" data-element_type=\"widget\" data-widget_type=\"button.default\">\n\t\t\t\t<div class=\"elementor-widget-container\">\n\t\t\t\t\t\t\t\t\t<div class=\"elementor-button-wrapper\">\n\t\t\t\t\t<a class=\"elementor-button elementor-button-link elementor-size-xl elementor-animation-grow\" href=\"https:\/\/desenvolve.ai\/wp-content\/uploads\/2022\/10\/Briefing-Desenvolve.ai-2.0-Nattoo.pdf\" target=\"_blank\">\n\t\t\t\t\t\t<span class=\"elementor-button-content-wrapper\">\n\t\t\t\t\t\t\t\t\t<span class=\"elementor-button-text\">BRIEFING DA CHAMADA<\/span>\n\t\t\t\t\t<\/span>\n\t\t\t\t\t<\/a>\n\t\t\t\t<\/div>\n\t\t\t\t\t\t\t\t<\/div>\n\t\t\t\t<\/div>\n\t\t\t\t\t<\/div>\n\t\t<\/div>\n\t\t\t\t\t<\/div>\n\t\t<\/section>\n\t\t\t\t<section class=\"elementor-section elementor-top-section elementor-element elementor-element-ee1dc66 elementor-section-boxed elementor-section-height-default elementor-section-height-default elementor-invisible\" data-id=\"ee1dc66\" data-element_type=\"section\" data-settings=\"{&quot;background_background&quot;:&quot;classic&quot;,&quot;animation&quot;:&quot;fadeIn&quot;}\">\n\t\t\t\t\t\t<div class=\"elementor-container elementor-column-gap-default\">\n\t\t\t\t\t<div class=\"elementor-column elementor-col-100 elementor-top-column elementor-element elementor-element-cc90488\" data-id=\"cc90488\" data-element_type=\"column\">\n\t\t\t<div class=\"elementor-widget-wrap elementor-element-populated\">\n\t\t\t\t\t\t<section class=\"elementor-section elementor-inner-section elementor-element elementor-element-68f8f49 elementor-section-boxed elementor-section-height-default elementor-section-height-default\" data-id=\"68f8f49\" data-element_type=\"section\">\n\t\t\t\t\t\t<div class=\"elementor-container elementor-column-gap-default\">\n\t\t\t\t\t<div class=\"elementor-column elementor-col-100 elementor-inner-column elementor-element elementor-element-bfd03c3\" data-id=\"bfd03c3\" data-element_type=\"column\">\n\t\t\t<div class=\"elementor-widget-wrap elementor-element-populated\">\n\t\t\t\t\t\t<div class=\"elementor-element elementor-element-1c80db9 elementor-widget elementor-widget-text-editor\" data-id=\"1c80db9\" data-element_type=\"widget\" data-widget_type=\"text-editor.default\">\n\t\t\t\t<div class=\"elementor-widget-container\">\n\t\t\t\t\t\t\t\t\t<p dir=\"ltr\">Conhe\u00e7a os Vencedores dos Desafios<\/p>\t\t\t\t\t\t\t\t<\/div>\n\t\t\t\t<\/div>\n\t\t\t\t\t<\/div>\n\t\t<\/div>\n\t\t\t\t\t<\/div>\n\t\t<\/section>\n\t\t\t\t\t<\/div>\n\t\t<\/div>\n\t\t\t\t\t<\/div>\n\t\t<\/section>\n\t\t\t\t<section class=\"elementor-section elementor-top-section elementor-element elementor-element-6aa5fc0 elementor-section-boxed elementor-section-height-default elementor-section-height-default\" data-id=\"6aa5fc0\" data-element_type=\"section\" data-settings=\"{&quot;background_background&quot;:&quot;classic&quot;}\">\n\t\t\t\t\t\t<div class=\"elementor-container elementor-column-gap-default\">\n\t\t\t\t\t<div class=\"elementor-column elementor-col-33 elementor-top-column elementor-element elementor-element-3110554\" data-id=\"3110554\" data-element_type=\"column\" data-settings=\"{&quot;background_background&quot;:&quot;classic&quot;}\">\n\t\t\t<div class=\"elementor-widget-wrap elementor-element-populated\">\n\t\t\t\t\t\t<section class=\"elementor-section elementor-inner-section elementor-element elementor-element-9c7ac38 elementor-section-boxed elementor-section-height-default elementor-section-height-default\" data-id=\"9c7ac38\" data-element_type=\"section\">\n\t\t\t\t\t\t<div class=\"elementor-container elementor-column-gap-default\">\n\t\t\t\t\t<div class=\"elementor-column elementor-col-100 elementor-inner-column elementor-element elementor-element-8270525\" data-id=\"8270525\" data-element_type=\"column\">\n\t\t\t<div class=\"elementor-widget-wrap elementor-element-populated\">\n\t\t\t\t\t\t<div class=\"elementor-element elementor-element-4106fcb elementor-widget elementor-widget-image\" data-id=\"4106fcb\" data-element_type=\"widget\" data-widget_type=\"image.default\">\n\t\t\t\t<div class=\"elementor-widget-container\">\n\t\t\t\t\t\t\t\t\t\t\t\t\t\t\t<img decoding=\"async\" src=\"https:\/\/desenvolve.ai\/wp-content\/uploads\/elementor\/thumbs\/upe-mekatronic-r0054vb5z4ifekm9j3p2lciwmcvwvhq7axoaoesd8g.png\" title=\"upe-mekatronic\" alt=\"upe-mekatronic\" loading=\"lazy\" \/>\t\t\t\t\t\t\t\t\t\t\t\t\t\t\t<\/div>\n\t\t\t\t<\/div>\n\t\t\t\t\t<\/div>\n\t\t<\/div>\n\t\t\t\t\t<\/div>\n\t\t<\/section>\n\t\t\t\t<div class=\"elementor-element elementor-element-eca6325 elementor-widget elementor-widget-text-editor\" data-id=\"eca6325\" data-element_type=\"widget\" data-widget_type=\"text-editor.default\">\n\t\t\t\t<div class=\"elementor-widget-container\">\n\t\t\t\t\t\t\t\t\t<p>Sistema Inteligente\u00a0 de Integra\u00e7\u00e3o<\/p>\t\t\t\t\t\t\t\t<\/div>\n\t\t\t\t<\/div>\n\t\t\t\t<section class=\"elementor-section elementor-inner-section elementor-element elementor-element-79c703a elementor-section-boxed elementor-section-height-default elementor-section-height-default\" data-id=\"79c703a\" data-element_type=\"section\">\n\t\t\t\t\t\t<div class=\"elementor-container elementor-column-gap-default\">\n\t\t\t\t\t<div class=\"elementor-column elementor-col-100 elementor-inner-column elementor-element elementor-element-6c342bf\" data-id=\"6c342bf\" data-element_type=\"column\">\n\t\t\t<div class=\"elementor-widget-wrap elementor-element-populated\">\n\t\t\t\t\t\t<div class=\"elementor-element elementor-element-6d1082f elementor-widget elementor-widget-text-editor\" data-id=\"6d1082f\" data-element_type=\"widget\" data-widget_type=\"text-editor.default\">\n\t\t\t\t<div class=\"elementor-widget-container\">\n\t\t\t\t\t\t\t\t\t<p>A solu\u00e7\u00e3o proposta consiste em uma plataforma capaz coletar os dados de CLPs e outros dispositivos, process\u00e1-las, e entregar informa\u00e7\u00f5es. As informa\u00e7\u00f5es se materializam em dashboards e anlaytics, alertas em mensagens e emails etc.<\/p>\t\t\t\t\t\t\t\t<\/div>\n\t\t\t\t<\/div>\n\t\t\t\t\t<\/div>\n\t\t<\/div>\n\t\t\t\t\t<\/div>\n\t\t<\/section>\n\t\t\t\t\t<\/div>\n\t\t<\/div>\n\t\t\t\t<div class=\"elementor-column elementor-col-33 elementor-top-column elementor-element elementor-element-931ed8e\" data-id=\"931ed8e\" data-element_type=\"column\">\n\t\t\t<div class=\"elementor-widget-wrap\">\n\t\t\t\t\t\t\t<\/div>\n\t\t<\/div>\n\t\t\t\t<div class=\"elementor-column elementor-col-33 elementor-top-column elementor-element elementor-element-5720c10\" data-id=\"5720c10\" data-element_type=\"column\" data-settings=\"{&quot;background_background&quot;:&quot;classic&quot;}\">\n\t\t\t<div class=\"elementor-widget-wrap elementor-element-populated\">\n\t\t\t\t\t\t<section class=\"elementor-section elementor-inner-section elementor-element elementor-element-63d6ece elementor-section-boxed elementor-section-height-default elementor-section-height-default\" data-id=\"63d6ece\" data-element_type=\"section\">\n\t\t\t\t\t\t<div class=\"elementor-container elementor-column-gap-default\">\n\t\t\t\t\t<div class=\"elementor-column elementor-col-100 elementor-inner-column elementor-element elementor-element-520c2cc\" data-id=\"520c2cc\" data-element_type=\"column\">\n\t\t\t<div class=\"elementor-widget-wrap elementor-element-populated\">\n\t\t\t\t\t\t<div class=\"elementor-element elementor-element-ff503b9 elementor-widget elementor-widget-image\" data-id=\"ff503b9\" data-element_type=\"widget\" data-widget_type=\"image.default\">\n\t\t\t\t<div class=\"elementor-widget-container\">\n\t\t\t\t\t\t\t\t\t\t\t\t\t\t\t<img decoding=\"async\" src=\"https:\/\/desenvolve.ai\/wp-content\/uploads\/elementor\/thumbs\/1654903802737-e1675788556316-r0054x6ucsl01sjj84ibqc1tt4mnavxnz6z9mypkw0.jpg\" title=\"1654903802737\" alt=\"1654903802737\" loading=\"lazy\" \/>\t\t\t\t\t\t\t\t\t\t\t\t\t\t\t<\/div>\n\t\t\t\t<\/div>\n\t\t\t\t<div class=\"elementor-element elementor-element-5024202 elementor-widget elementor-widget-image\" data-id=\"5024202\" data-element_type=\"widget\" data-widget_type=\"image.default\">\n\t\t\t\t<div class=\"elementor-widget-container\">\n\t\t\t\t\t\t\t\t\t\t\t\t\t\t\t<img decoding=\"async\" src=\"https:\/\/desenvolve.ai\/wp-content\/uploads\/elementor\/thumbs\/CiN-r0054x6ucsl01sjj84ibqc1tt4mnavxnz6z9mypkw0.png\" title=\"CiN\" alt=\"CiN\" loading=\"lazy\" \/>\t\t\t\t\t\t\t\t\t\t\t\t\t\t\t<\/div>\n\t\t\t\t<\/div>\n\t\t\t\t\t<\/div>\n\t\t<\/div>\n\t\t\t\t\t<\/div>\n\t\t<\/section>\n\t\t\t\t<div class=\"elementor-element elementor-element-d3e38ef elementor-widget elementor-widget-text-editor\" data-id=\"d3e38ef\" data-element_type=\"widget\" data-widget_type=\"text-editor.default\">\n\t\t\t\t<div class=\"elementor-widget-container\">\n\t\t\t\t\t\t\t\t\t<p>Software Forecast de Demanda<\/p>\t\t\t\t\t\t\t\t<\/div>\n\t\t\t\t<\/div>\n\t\t\t\t<section class=\"elementor-section elementor-inner-section elementor-element elementor-element-d596bdf elementor-section-boxed elementor-section-height-default elementor-section-height-default\" data-id=\"d596bdf\" data-element_type=\"section\">\n\t\t\t\t\t\t<div class=\"elementor-container elementor-column-gap-default\">\n\t\t\t\t\t<div class=\"elementor-column elementor-col-100 elementor-inner-column elementor-element elementor-element-2185f64\" data-id=\"2185f64\" data-element_type=\"column\">\n\t\t\t<div class=\"elementor-widget-wrap elementor-element-populated\">\n\t\t\t\t\t\t<div class=\"elementor-element elementor-element-9c9638d elementor-widget elementor-widget-text-editor\" data-id=\"9c9638d\" data-element_type=\"widget\" data-widget_type=\"text-editor.default\">\n\t\t\t\t<div class=\"elementor-widget-container\">\n\t\t\t\t\t\t\t\t\t<div class=\"sc-jWOkvS ANkfH\" data-field-type=\"field-LongText\" data-testid=\"field-LongText\"><div class=\"FormControlRoot-pstyle__ia0p8a-10 krhspy\"><div class=\"FormControlContent-pstyle__ia0p8a-3 jRSzDR\"><div class=\"\"><div class=\"markdown\"><p>Software de previs\u00e3o de demanda, com base em dados hist\u00f3ricos, modelagem de dados e IA, visando otimiza\u00e7\u00e3o do planejamento de produ\u00e7\u00e3o.<\/p><\/div><\/div><\/div><\/div><\/div><div class=\"sc-jWOkvS ANkfH\" data-field-type=\"field-LongText\" data-testid=\"field-LongText\"><div class=\"FormControlRoot-pstyle__ia0p8a-10 krhspy\"><div class=\"StyledIcon-pstyle__yh703r-0 hhSkFc pp-icon FormControlIcon-pstyle__ia0p8a-8 kbkXSC pp-icon-base-color\" data-testid=\"interface-icon-long-text-sm\"><div>\u00a0<\/div><\/div><div class=\"FormControlContent-pstyle__ia0p8a-3 jRSzDR\"><div class=\"FormControlHeader-pstyle__ia0p8a-4 jklPGJ\"><div><div class=\"FormControlLabelWrapper-pstyle__ia0p8a-1 jNWAzM\">\u00a0<\/div><\/div><\/div><\/div><\/div><\/div>\t\t\t\t\t\t\t\t<\/div>\n\t\t\t\t<\/div>\n\t\t\t\t\t<\/div>\n\t\t<\/div>\n\t\t\t\t\t<\/div>\n\t\t<\/section>\n\t\t\t\t\t<\/div>\n\t\t<\/div>\n\t\t\t\t\t<\/div>\n\t\t<\/section>\n\t\t\t\t<section class=\"elementor-section elementor-top-section elementor-element elementor-element-c369368 animated-slow elementor-section-boxed elementor-section-height-default elementor-section-height-default elementor-invisible\" data-id=\"c369368\" data-element_type=\"section\" data-settings=\"{&quot;background_background&quot;:&quot;classic&quot;,&quot;animation&quot;:&quot;zoomIn&quot;}\">\n\t\t\t\t\t\t\t<div class=\"elementor-background-overlay\"><\/div>\n\t\t\t\t\t\t\t<div class=\"elementor-container elementor-column-gap-default\">\n\t\t\t\t\t<div class=\"elementor-column elementor-col-50 elementor-top-column elementor-element elementor-element-4707960\" data-id=\"4707960\" data-element_type=\"column\">\n\t\t\t<div class=\"elementor-widget-wrap elementor-element-populated\">\n\t\t\t\t\t\t<div class=\"elementor-element elementor-element-58c58db elementor-widget elementor-widget-text-editor\" data-id=\"58c58db\" data-element_type=\"widget\" data-widget_type=\"text-editor.default\">\n\t\t\t\t<div class=\"elementor-widget-container\">\n\t\t\t\t\t\t\t\t\t<p>REGULAMENTO DA CHAMADA<\/p>\t\t\t\t\t\t\t\t<\/div>\n\t\t\t\t<\/div>\n\t\t\t\t\t<\/div>\n\t\t<\/div>\n\t\t\t\t<div class=\"elementor-column elementor-col-50 elementor-top-column elementor-element elementor-element-3ffa184\" data-id=\"3ffa184\" data-element_type=\"column\">\n\t\t\t<div class=\"elementor-widget-wrap elementor-element-populated\">\n\t\t\t\t\t\t<div class=\"elementor-element elementor-element-7da6dc3 elementor-align-center elementor-widget elementor-widget-button\" data-id=\"7da6dc3\" data-element_type=\"widget\" data-widget_type=\"button.default\">\n\t\t\t\t<div class=\"elementor-widget-container\">\n\t\t\t\t\t\t\t\t\t<div class=\"elementor-button-wrapper\">\n\t\t\t\t\t<a class=\"elementor-button elementor-button-link elementor-size-xl elementor-animation-grow\" href=\"https:\/\/desenvolve.ai\/wp-content\/uploads\/2022\/09\/Regulamento-Chamada-Natto.pdf\">\n\t\t\t\t\t\t<span class=\"elementor-button-content-wrapper\">\n\t\t\t\t\t\t\t\t\t<span class=\"elementor-button-text\">BAIXE AQUI<\/span>\n\t\t\t\t\t<\/span>\n\t\t\t\t\t<\/a>\n\t\t\t\t<\/div>\n\t\t\t\t\t\t\t\t<\/div>\n\t\t\t\t<\/div>\n\t\t\t\t\t<\/div>\n\t\t<\/div>\n\t\t\t\t\t<\/div>\n\t\t<\/section>\n\t\t\t\t<\/div>\n\t\t","protected":false},"excerpt":{"rendered":"<p>O Porto Digital, em parceria com a ADEPE, lan\u00e7a mais uma edi\u00e7\u00e3o do Desenvolve.Ai &#8211; programa de inova\u00e7\u00e3o aberta com objetivo de identificar solu\u00e7\u00f5es de startups, empresas e centros de tecnologia e pesquisa capazes de abordar desafios de diversas empresas.\u00a0 Neste ciclo, estamos inovando com a Natto, produtora de alimentos \u00e0 base de frango, h\u00e1 &hellip; <\/p>\n<p class=\"link-more\"><a href=\"https:\/\/desenvolve.ai\/index.php\/home\/natto\/\" class=\"more-link\">Continue lendo<span class=\"screen-reader-text\"> &#8220;Natto&#8221;<\/span><\/a><\/p>\n","protected":false},"author":1,"featured_media":0,"parent":13,"menu_order":0,"comment_status":"closed","ping_status":"closed","template":"elementor_header_footer","meta":{"footnotes":""},"class_list":["post-2808","page","type-page","status-publish","hentry","entry"],"_links":{"self":[{"href":"https:\/\/desenvolve.ai\/index.php\/wp-json\/wp\/v2\/pages\/2808","targetHints":{"allow":["GET"]}}],"collection":[{"href":"https:\/\/desenvolve.ai\/index.php\/wp-json\/wp\/v2\/pages"}],"about":[{"href":"https:\/\/desenvolve.ai\/index.php\/wp-json\/wp\/v2\/types\/page"}],"author":[{"embeddable":true,"href":"https:\/\/desenvolve.ai\/index.php\/wp-json\/wp\/v2\/users\/1"}],"replies":[{"embeddable":true,"href":"https:\/\/desenvolve.ai\/index.php\/wp-json\/wp\/v2\/comments?post=2808"}],"version-history":[{"count":110,"href":"https:\/\/desenvolve.ai\/index.php\/wp-json\/wp\/v2\/pages\/2808\/revisions"}],"predecessor-version":[{"id":3315,"href":"https:\/\/desenvolve.ai\/index.php\/wp-json\/wp\/v2\/pages\/2808\/revisions\/3315"}],"up":[{"embeddable":true,"href":"https:\/\/desenvolve.ai\/index.php\/wp-json\/wp\/v2\/pages\/13"}],"wp:attachment":[{"href":"https:\/\/desenvolve.ai\/index.php\/wp-json\/wp\/v2\/media?parent=2808"}],"curies":[{"name":"wp","href":"https:\/\/api.w.org\/{rel}","templated":true}]}}